{"id":16,"date":"2021-05-03T12:16:18","date_gmt":"2021-05-03T12:16:18","guid":{"rendered":"https:\/\/lescomtessescheries.be\/?page_id=16"},"modified":"2023-01-09T09:27:10","modified_gmt":"2023-01-09T09:27:10","slug":"tarifs","status":"publish","type":"page","link":"https:\/\/lescomtessescheries.be\/?page_id=16","title":{"rendered":"SOINS &#038; MISES EN BEAUTE"},"content":{"rendered":"\n<p class=\"has-text-align-center has-text-color\" style=\"color:#baa68b\">DES SOINS PROFESSIONNELS ET PERSONNALISES EN CABINE PRIVATIVE<\/p>\n\n\n\n<p class=\"has-text-align-center\">J&rsquo;ai \u00e0 c\u0153ur que chaque soin vous fasse vivre des moments de d\u00e9tente, de r\u00e9elle relaxation et de bien-\u00eatre. L&rsquo;ambiance cocooning de la cabine de soins permet le d\u00e9roulement des soins dans le total respect de votre intimit\u00e9.<\/p>\n\n\n\n<div style=\"height:29px\" aria-hidden=\"true\" class=\"wp-block-spacer\"><\/div>\n\n\n\n<div class=\"wp-block-columns is-layout-flex wp-container-core-columns-is-layout-9d6595d7 wp-block-columns-is-layout-flex\">\n<div class=\"wp-block-column is-layout-flow wp-block-column-is-layout-flow\">\n<div class=\"wp-block-buttons is-horizontal is-content-justification-center is-layout-flex wp-container-core-buttons-is-layout-499968f5 wp-block-buttons-is-layout-flex\">\n<div class=\"wp-block-button\"><a class=\"wp-block-button__link has-black-color has-text-color has-background wp-element-button\" href=\"https:\/\/lescomtessescheries.be\/?page_id=357\" style=\"background-color:#f6f2f1\">\u2022 Mise en beaut\u00e9 visage \u2022<\/a><\/div>\n<\/div>\n<\/div>\n\n\n\n<div class=\"wp-block-column is-layout-flow wp-block-column-is-layout-flow\">\n<div class=\"wp-block-buttons is-horizontal is-content-justification-center is-layout-flex wp-container-core-buttons-is-layout-499968f5 wp-block-buttons-is-layout-flex\">\n<div class=\"wp-block-button\"><a class=\"wp-block-button__link has-black-color has-text-color has-background wp-element-button\" href=\"https:\/\/lescomtessescheries.be\/?page_id=359\" style=\"background-color:#f6f2f1\">\u2022 mise en beaut\u00e9 regard \u2022<\/a><\/div>\n<\/div>\n<\/div>\n\n\n\n<div class=\"wp-block-column is-layout-flow wp-block-column-is-layout-flow\">\n<div class=\"wp-block-buttons is-horizontal is-content-justification-center is-layout-flex wp-container-core-buttons-is-layout-499968f5 wp-block-buttons-is-layout-flex\">\n<div class=\"wp-block-button\"><a class=\"wp-block-button__link has-black-color has-text-color has-background wp-element-button\" href=\"https:\/\/lescomtessescheries.be\/?page_id=361\" style=\"background-color:#f6f2f1\">\u2022 mise en beaute make-up \u2022<\/a><\/div>\n<\/div>\n<\/div>\n<\/div>\n\n\n\n<div class=\"wp-block-columns is-layout-flex wp-container-core-columns-is-layout-9d6595d7 wp-block-columns-is-layout-flex\">\n<div class=\"wp-block-column is-layout-flow wp-block-column-is-layout-flow\">\n<div class=\"wp-block-buttons is-horizontal is-content-justification-center is-layout-flex wp-container-core-buttons-is-layout-499968f5 wp-block-buttons-is-layout-flex\">\n<div class=\"wp-block-button\"><a class=\"wp-block-button__link has-black-color has-text-color has-background wp-element-button\" href=\"https:\/\/lescomtessescheries.be\/?page_id=363\" style=\"background-color:#f6f2f1\">\u2022 mise en beaute corps \u2022<\/a><\/div>\n<\/div>\n<\/div>\n\n\n\n<div class=\"wp-block-column is-layout-flow wp-block-column-is-layout-flow\">\n<div class=\"wp-block-buttons is-horizontal is-content-justification-center is-layout-flex wp-container-core-buttons-is-layout-499968f5 wp-block-buttons-is-layout-flex\">\n<div class=\"wp-block-button\"><a class=\"wp-block-button__link has-black-color has-text-color has-background wp-element-button\" href=\"https:\/\/lescomtessescheries.be\/?page_id=365\" style=\"background-color:#f6f2f1\">\u2022 mise en beaute pieds &amp; mains \u2022<\/a><\/div>\n<\/div>\n<\/div>\n\n\n\n<div class=\"wp-block-column is-layout-flow wp-block-column-is-layout-flow\">\n<div class=\"wp-block-buttons is-horizontal is-content-justification-center is-layout-flex wp-container-core-buttons-is-layout-499968f5 wp-block-buttons-is-layout-flex\">\n<div class=\"wp-block-button\"><a class=\"wp-block-button__link has-black-color has-text-color has-background wp-element-button\" href=\"https:\/\/lescomtessescheries.be\/?page_id=367\" style=\"background-color:#f6f2f1\">\u2022 mise en beaute cheris \u2022<\/a><\/div>\n<\/div>\n<\/div>\n<\/div>\n\n\n\n<div class=\"wp-block-cover is-light\"><span aria-hidden=\"true\" class=\"wp-block-cover__background has-background-dim-10 has-background-dim\"><\/span><img loading=\"lazy\" decoding=\"async\" width=\"2560\" height=\"1707\" class=\"wp-block-cover__image-background wp-image-1241\" alt=\"\" src=\"https:\/\/lescomtessescheries.be\/wp-content\/uploads\/2023\/01\/doctor-beautician-cleanses-skin-woman-with-sponge-beauty-salon-perfect-cleaning-spa-treatment-skincare-face-skin-care-beauty-spa-concept-scaled.jpg\" data-object-fit=\"cover\" srcset=\"https:\/\/lescomtessescheries.be\/wp-content\/uploads\/2023\/01\/doctor-beautician-cleanses-skin-woman-with-sponge-beauty-salon-perfect-cleaning-spa-treatment-skincare-face-skin-care-beauty-spa-concept-scaled.jpg 2560w, https:\/\/lescomtessescheries.be\/wp-content\/uploads\/2023\/01\/doctor-beautician-cleanses-skin-woman-with-sponge-beauty-salon-perfect-cleaning-spa-treatment-skincare-face-skin-care-beauty-spa-concept-300x200.jpg 300w, https:\/\/lescomtessescheries.be\/wp-content\/uploads\/2023\/01\/doctor-beautician-cleanses-skin-woman-with-sponge-beauty-salon-perfect-cleaning-spa-treatment-skincare-face-skin-care-beauty-spa-concept-1024x683.jpg 1024w, https:\/\/lescomtessescheries.be\/wp-content\/uploads\/2023\/01\/doctor-beautician-cleanses-skin-woman-with-sponge-beauty-salon-perfect-cleaning-spa-treatment-skincare-face-skin-care-beauty-spa-concept-768x512.jpg 768w, https:\/\/lescomtessescheries.be\/wp-content\/uploads\/2023\/01\/doctor-beautician-cleanses-skin-woman-with-sponge-beauty-salon-perfect-cleaning-spa-treatment-skincare-face-skin-care-beauty-spa-concept-1536x1024.jpg 1536w, https:\/\/lescomtessescheries.be\/wp-content\/uploads\/2023\/01\/doctor-beautician-cleanses-skin-woman-with-sponge-beauty-salon-perfect-cleaning-spa-treatment-skincare-face-skin-care-beauty-spa-concept-2048x1365.jpg 2048w, https:\/\/lescomtessescheries.be\/wp-content\/uploads\/2023\/01\/doctor-beautician-cleanses-skin-woman-with-sponge-beauty-salon-perfect-cleaning-spa-treatment-skincare-face-skin-care-beauty-spa-concept-507x338.jpg 507w\" sizes=\"auto, (max-width: 2560px) 100vw, 2560px\" \/><div class=\"wp-block-cover__inner-container is-layout-flow wp-block-cover-is-layout-flow\">\n<p class=\"has-text-align-center has-large-font-size\"><\/p>\n<\/div><\/div>\n\n\n\n<div style=\"height:50px\" aria-hidden=\"true\" class=\"wp-block-spacer\"><\/div>\n\n\n\n<div class=\"wp-block-buttons is-horizontal is-content-justification-center is-layout-flex wp-container-core-buttons-is-layout-499968f5 wp-block-buttons-is-layout-flex\">\n<div class=\"wp-block-button\"><a class=\"wp-block-button__link has-black-color has-text-color has-background wp-element-button\" href=\"https:\/\/lescomtessescheries.be\/?page_id=1013\" style=\"background-color:#f6f2f1\">D\u00e9couvrir le tarif complet<\/a><\/div>\n<\/div>\n\n\n\n<p><\/p>\n","protected":false},"excerpt":{"rendered":"<p>DES SOINS PROFESSIONNELS ET PERSONNALISES EN CABINE PRIVATIVE J&rsquo;ai \u00e0 c\u0153ur que chaque soin vous fasse vivre des moments de<\/p>\n<p><a href=\"https:\/\/lescomtessescheries.be\/?page_id=16\" class=\"more-link\">Continue reading<span class=\"screen-reader-text\">SOINS &#038; MISES EN BEAUTE<\/span><\/a><\/p>\n","protected":false},"author":4,"featured_media":0,"parent":0,"menu_order":0,"comment_status":"closed","ping_status":"closed","template":"templates\/full-width-page.php","meta":{"_monsterinsights_skip_tracking":false,"_monsterinsights_sitenote_active":false,"_monsterinsights_sitenote_note":"","_monsterinsights_sitenote_category":0,"footnotes":""},"class_list":["post-16","page","type-page","status-publish","hentry"],"yoast_head":"<!-- This site is optimized with the Yoast SEO plugin v21.2 - https:\/\/yoast.com\/wordpress\/plugins\/seo\/ -->\n<title>SOINS &amp; MISES EN BEAUTE - LES COMTESSES CHERIES<\/title>\n<meta name=\"robots\" content=\"index, follow, max-snippet:-1, max-image-preview:large, max-video-preview:-1\" \/>\n<link rel=\"canonical\" href=\"https:\/\/lescomtessescheries.be\/?page_id=16\" \/>\n<meta property=\"og:locale\" content=\"fr_FR\" \/>\n<meta property=\"og:type\" content=\"article\" \/>\n<meta property=\"og:title\" content=\"SOINS &amp; MISES EN BEAUTE - LES COMTESSES CHERIES\" \/>\n<meta property=\"og:description\" content=\"DES SOINS PROFESSIONNELS ET PERSONNALISES EN CABINE PRIVATIVE J&rsquo;ai \u00e0 c\u0153ur que chaque soin vous fasse vivre des moments deContinue readingSOINS &#038; MISES EN BEAUTE\" \/>\n<meta property=\"og:url\" content=\"https:\/\/lescomtessescheries.be\/?page_id=16\" \/>\n<meta property=\"og:site_name\" content=\"LES COMTESSES CHERIES\" \/>\n<meta property=\"article:modified_time\" content=\"2023-01-09T09:27:10+00:00\" \/>\n<meta property=\"og:image\" content=\"https:\/\/lescomtessescheries.be\/wp-content\/uploads\/2023\/01\/doctor-beautician-cleanses-skin-woman-with-sponge-beauty-salon-perfect-cleaning-spa-treatment-skincare-face-skin-care-beauty-spa-concept-scaled.jpg\" \/>\n<meta name=\"twitter:card\" content=\"summary_large_image\" \/>\n<meta name=\"twitter:label1\" content=\"Dur\u00e9e de lecture est.\" \/>\n\t<meta name=\"twitter:data1\" content=\"1 minute\" \/>\n<script type=\"application\/ld+json\" class=\"yoast-schema-graph\">{\"@context\":\"https:\/\/schema.org\",\"@graph\":[{\"@type\":\"WebPage\",\"@id\":\"https:\/\/lescomtessescheries.be\/?page_id=16\",\"url\":\"https:\/\/lescomtessescheries.be\/?page_id=16\",\"name\":\"SOINS & MISES EN BEAUTE - LES COMTESSES CHERIES\",\"isPartOf\":{\"@id\":\"https:\/\/lescomtessescheries.be\/#website\"},\"datePublished\":\"2021-05-03T12:16:18+00:00\",\"dateModified\":\"2023-01-09T09:27:10+00:00\",\"breadcrumb\":{\"@id\":\"https:\/\/lescomtessescheries.be\/?page_id=16#breadcrumb\"},\"inLanguage\":\"fr-BE\",\"potentialAction\":[{\"@type\":\"ReadAction\",\"target\":[\"https:\/\/lescomtessescheries.be\/?page_id=16\"]}]},{\"@type\":\"BreadcrumbList\",\"@id\":\"https:\/\/lescomtessescheries.be\/?page_id=16#breadcrumb\",\"itemListElement\":[{\"@type\":\"ListItem\",\"position\":1,\"name\":\"Accueil\",\"item\":\"https:\/\/lescomtessescheries.be\/\"},{\"@type\":\"ListItem\",\"position\":2,\"name\":\"SOINS &#038; MISES EN BEAUTE\"}]},{\"@type\":\"WebSite\",\"@id\":\"https:\/\/lescomtessescheries.be\/#website\",\"url\":\"https:\/\/lescomtessescheries.be\/\",\"name\":\"LES COMTESSES CHERIES\",\"description\":\"Maison de beaut\u00e9 \u00e0 Ayeneux\",\"publisher\":{\"@id\":\"https:\/\/lescomtessescheries.be\/#organization\"},\"potentialAction\":[{\"@type\":\"SearchAction\",\"target\":{\"@type\":\"EntryPoint\",\"urlTemplate\":\"https:\/\/lescomtessescheries.be\/?s={search_term_string}\"},\"query-input\":\"required name=search_term_string\"}],\"inLanguage\":\"fr-BE\"},{\"@type\":\"Organization\",\"@id\":\"https:\/\/lescomtessescheries.be\/#organization\",\"name\":\"LES COMTESSES CHERIES\",\"url\":\"https:\/\/lescomtessescheries.be\/\",\"logo\":{\"@type\":\"ImageObject\",\"inLanguage\":\"fr-BE\",\"@id\":\"https:\/\/lescomtessescheries.be\/#\/schema\/logo\/image\/\",\"url\":\"https:\/\/lescomtessescheries.be\/wp-content\/uploads\/2021\/09\/cropped-cropped-cropped-logo-web-1-e1673255627958.jpg\",\"contentUrl\":\"https:\/\/lescomtessescheries.be\/wp-content\/uploads\/2021\/09\/cropped-cropped-cropped-logo-web-1-e1673255627958.jpg\",\"width\":1536,\"height\":329,\"caption\":\"LES COMTESSES CHERIES\"},\"image\":{\"@id\":\"https:\/\/lescomtessescheries.be\/#\/schema\/logo\/image\/\"}}]}<\/script>\n<!-- \/ Yoast SEO plugin. -->","yoast_head_json":{"title":"SOINS & MISES EN BEAUTE - LES COMTESSES CHERIES","robots":{"index":"index","follow":"follow","max-snippet":"max-snippet:-1","max-image-preview":"max-image-preview:large","max-video-preview":"max-video-preview:-1"},"canonical":"https:\/\/lescomtessescheries.be\/?page_id=16","og_locale":"fr_FR","og_type":"article","og_title":"SOINS & MISES EN BEAUTE - LES COMTESSES CHERIES","og_description":"DES SOINS PROFESSIONNELS ET PERSONNALISES EN CABINE PRIVATIVE J&rsquo;ai \u00e0 c\u0153ur que chaque soin vous fasse vivre des moments deContinue readingSOINS &#038; MISES EN BEAUTE","og_url":"https:\/\/lescomtessescheries.be\/?page_id=16","og_site_name":"LES COMTESSES CHERIES","article_modified_time":"2023-01-09T09:27:10+00:00","og_image":[{"url":"https:\/\/lescomtessescheries.be\/wp-content\/uploads\/2023\/01\/doctor-beautician-cleanses-skin-woman-with-sponge-beauty-salon-perfect-cleaning-spa-treatment-skincare-face-skin-care-beauty-spa-concept-scaled.jpg"}],"twitter_card":"summary_large_image","twitter_misc":{"Dur\u00e9e de lecture est.":"1 minute"},"schema":{"@context":"https:\/\/schema.org","@graph":[{"@type":"WebPage","@id":"https:\/\/lescomtessescheries.be\/?page_id=16","url":"https:\/\/lescomtessescheries.be\/?page_id=16","name":"SOINS & MISES EN BEAUTE - LES COMTESSES CHERIES","isPartOf":{"@id":"https:\/\/lescomtessescheries.be\/#website"},"datePublished":"2021-05-03T12:16:18+00:00","dateModified":"2023-01-09T09:27:10+00:00","breadcrumb":{"@id":"https:\/\/lescomtessescheries.be\/?page_id=16#breadcrumb"},"inLanguage":"fr-BE","potentialAction":[{"@type":"ReadAction","target":["https:\/\/lescomtessescheries.be\/?page_id=16"]}]},{"@type":"BreadcrumbList","@id":"https:\/\/lescomtessescheries.be\/?page_id=16#breadcrumb","itemListElement":[{"@type":"ListItem","position":1,"name":"Accueil","item":"https:\/\/lescomtessescheries.be\/"},{"@type":"ListItem","position":2,"name":"SOINS &#038; MISES EN BEAUTE"}]},{"@type":"WebSite","@id":"https:\/\/lescomtessescheries.be\/#website","url":"https:\/\/lescomtessescheries.be\/","name":"LES COMTESSES CHERIES","description":"Maison de beaut\u00e9 \u00e0 Ayeneux","publisher":{"@id":"https:\/\/lescomtessescheries.be\/#organization"},"potentialAction":[{"@type":"SearchAction","target":{"@type":"EntryPoint","urlTemplate":"https:\/\/lescomtessescheries.be\/?s={search_term_string}"},"query-input":"required name=search_term_string"}],"inLanguage":"fr-BE"},{"@type":"Organization","@id":"https:\/\/lescomtessescheries.be\/#organization","name":"LES COMTESSES CHERIES","url":"https:\/\/lescomtessescheries.be\/","logo":{"@type":"ImageObject","inLanguage":"fr-BE","@id":"https:\/\/lescomtessescheries.be\/#\/schema\/logo\/image\/","url":"https:\/\/lescomtessescheries.be\/wp-content\/uploads\/2021\/09\/cropped-cropped-cropped-logo-web-1-e1673255627958.jpg","contentUrl":"https:\/\/lescomtessescheries.be\/wp-content\/uploads\/2021\/09\/cropped-cropped-cropped-logo-web-1-e1673255627958.jpg","width":1536,"height":329,"caption":"LES COMTESSES CHERIES"},"image":{"@id":"https:\/\/lescomtessescheries.be\/#\/schema\/logo\/image\/"}}]}},"_links":{"self":[{"href":"https:\/\/lescomtessescheries.be\/index.php?rest_route=\/wp\/v2\/pages\/16","targetHints":{"allow":["GET"]}}],"collection":[{"href":"https:\/\/lescomtessescheries.be\/index.php?rest_route=\/wp\/v2\/pages"}],"about":[{"href":"https:\/\/lescomtessescheries.be\/index.php?rest_route=\/wp\/v2\/types\/page"}],"author":[{"embeddable":true,"href":"https:\/\/lescomtessescheries.be\/index.php?rest_route=\/wp\/v2\/users\/4"}],"replies":[{"embeddable":true,"href":"https:\/\/lescomtessescheries.be\/index.php?rest_route=%2Fwp%2Fv2%2Fcomments&post=16"}],"version-history":[{"count":80,"href":"https:\/\/lescomtessescheries.be\/index.php?rest_route=\/wp\/v2\/pages\/16\/revisions"}],"predecessor-version":[{"id":1247,"href":"https:\/\/lescomtessescheries.be\/index.php?rest_route=\/wp\/v2\/pages\/16\/revisions\/1247"}],"wp:attachment":[{"href":"https:\/\/lescomtessescheries.be\/index.php?rest_route=%2Fwp%2Fv2%2Fmedia&parent=16"}],"curies":[{"name":"wp","href":"https:\/\/api.w.org\/{rel}","templated":true}]}}