{"id":310,"date":"2021-05-25T13:11:32","date_gmt":"2021-05-25T13:11:32","guid":{"rendered":"https:\/\/lescomtessescheries.be\/?page_id=310"},"modified":"2021-06-15T12:29:11","modified_gmt":"2021-06-15T12:29:11","slug":"mes-marques","status":"publish","type":"page","link":"https:\/\/lescomtessescheries.be\/?page_id=310","title":{"rendered":"LES MARQUES"},"content":{"rendered":"\n<p class=\"has-text-align-center\">Les marques partenaires de votre institut ont \u00e9t\u00e9 rigoureusement s\u00e9lectionn\u00e9es pour leur engagement \u00e9thique, leur savoir-faire et leur r\u00e9sultat.<\/p>\n\n\n\n<p class=\"has-text-align-center\">Elles sont test\u00e9es de longues semaines (mois parfois) avant de faire leur entr\u00e9e dans votre institut.<\/p>\n\n\n\n<div style=\"height:50px\" aria-hidden=\"true\" class=\"wp-block-spacer\"><\/div>\n\n\n\n<div class=\"wp-block-columns is-layout-flex wp-container-core-columns-is-layout-9d6595d7 wp-block-columns-is-layout-flex\">\n<div class=\"wp-block-column is-layout-flow wp-block-column-is-layout-flow\">\n<div class=\"wp-block-columns is-layout-flex wp-container-core-columns-is-layout-9d6595d7 wp-block-columns-is-layout-flex\">\n<div class=\"wp-block-column is-layout-flow wp-block-column-is-layout-flow\">\n<div class=\"wp-block-image\"><figure class=\"aligncenter size-large is-resized\"><img loading=\"lazy\" decoding=\"async\" src=\"https:\/\/lescomtessescheries.be\/wp-content\/uploads\/2021\/05\/mavala-1.jpg\" alt=\"\" class=\"wp-image-311\" width=\"200\" height=\"150\"\/><\/figure><\/div>\n<\/div>\n\n\n\n<div class=\"wp-block-column is-layout-flow wp-block-column-is-layout-flow\">\n<div class=\"wp-block-image\"><figure class=\"aligncenter size-large\"><img loading=\"lazy\" decoding=\"async\" width=\"960\" height=\"568\" src=\"https:\/\/lescomtessescheries.be\/wp-content\/uploads\/2021\/05\/Yumilashesblack-RGB-960x568-2.jpg\" alt=\"\" class=\"wp-image-504\" srcset=\"https:\/\/lescomtessescheries.be\/wp-content\/uploads\/2021\/05\/Yumilashesblack-RGB-960x568-2.jpg 960w, https:\/\/lescomtessescheries.be\/wp-content\/uploads\/2021\/05\/Yumilashesblack-RGB-960x568-2-300x178.jpg 300w, https:\/\/lescomtessescheries.be\/wp-content\/uploads\/2021\/05\/Yumilashesblack-RGB-960x568-2-768x454.jpg 768w\" sizes=\"auto, (max-width: 960px) 100vw, 960px\" \/><\/figure><\/div>\n<\/div>\n<\/div>\n<\/div>\n\n\n\n<div class=\"wp-block-column is-layout-flow wp-block-column-is-layout-flow\">\n<div class=\"wp-block-columns is-layout-flex wp-container-core-columns-is-layout-9d6595d7 wp-block-columns-is-layout-flex\">\n<div class=\"wp-block-column is-vertically-aligned-center is-layout-flow wp-block-column-is-layout-flow\">\n<div class=\"wp-block-image\"><figure class=\"aligncenter size-large is-resized\"><img loading=\"lazy\" decoding=\"async\" src=\"https:\/\/lescomtessescheries.be\/wp-content\/uploads\/2021\/06\/image.png\" alt=\"\" class=\"wp-image-963\" width=\"206\" height=\"60\" srcset=\"https:\/\/lescomtessescheries.be\/wp-content\/uploads\/2021\/06\/image.png 550w, https:\/\/lescomtessescheries.be\/wp-content\/uploads\/2021\/06\/image-300x88.png 300w\" sizes=\"auto, (max-width: 206px) 100vw, 206px\" \/><\/figure><\/div>\n<\/div>\n\n\n\n<div class=\"wp-block-column is-layout-flow wp-block-column-is-layout-flow\">\n<div class=\"wp-block-image\"><figure class=\"aligncenter size-large is-resized\"><img loading=\"lazy\" decoding=\"async\" src=\"https:\/\/lescomtessescheries.be\/wp-content\/uploads\/2021\/05\/brazzcare-1.jpg\" alt=\"\" class=\"wp-image-314\" width=\"200\" height=\"150\"\/><\/figure><\/div>\n<\/div>\n<\/div>\n<\/div>\n<\/div>\n\n\n\n<div class=\"wp-block-group\"><div class=\"wp-block-group__inner-container is-layout-flow wp-block-group-is-layout-flow\">\n<div class=\"wp-block-columns is-layout-flex wp-container-core-columns-is-layout-9d6595d7 wp-block-columns-is-layout-flex\">\n<div class=\"wp-block-column is-layout-flow wp-block-column-is-layout-flow\" style=\"flex-basis:100%\">\n<div class=\"wp-block-columns is-layout-flex wp-container-core-columns-is-layout-9d6595d7 wp-block-columns-is-layout-flex\">\n<div class=\"wp-block-column is-layout-flow wp-block-column-is-layout-flow\" style=\"flex-basis:100%\">\n<div class=\"wp-block-columns is-layout-flex wp-container-core-columns-is-layout-9d6595d7 wp-block-columns-is-layout-flex\">\n<div class=\"wp-block-column is-layout-flow wp-block-column-is-layout-flow\">\n<div class=\"wp-block-columns is-layout-flex wp-container-core-columns-is-layout-9d6595d7 wp-block-columns-is-layout-flex\">\n<div class=\"wp-block-column is-layout-flow wp-block-column-is-layout-flow\">\n<div class=\"wp-block-image\"><figure class=\"aligncenter size-large is-resized\"><img loading=\"lazy\" decoding=\"async\" src=\"https:\/\/lescomtessescheries.be\/wp-content\/uploads\/2021\/05\/ASB-1.jpg\" alt=\"\" class=\"wp-image-315\" width=\"150\" height=\"150\" srcset=\"https:\/\/lescomtessescheries.be\/wp-content\/uploads\/2021\/05\/ASB-1.jpg 188w, https:\/\/lescomtessescheries.be\/wp-content\/uploads\/2021\/05\/ASB-1-150x150.jpg 150w\" sizes=\"auto, (max-width: 150px) 100vw, 150px\" \/><\/figure><\/div>\n<\/div>\n\n\n\n<div class=\"wp-block-column is-layout-flow wp-block-column-is-layout-flow\">\n<div class=\"wp-block-image\"><figure class=\"aligncenter size-large is-resized\"><img loading=\"lazy\" decoding=\"async\" src=\"https:\/\/lescomtessescheries.be\/wp-content\/uploads\/2021\/05\/folie-royale.jpg\" alt=\"\" class=\"wp-image-316\" width=\"150\" height=\"150\" srcset=\"https:\/\/lescomtessescheries.be\/wp-content\/uploads\/2021\/05\/folie-royale.jpg 243w, https:\/\/lescomtessescheries.be\/wp-content\/uploads\/2021\/05\/folie-royale-150x150.jpg 150w\" sizes=\"auto, (max-width: 150px) 100vw, 150px\" \/><\/figure><\/div>\n<\/div>\n\n\n\n<div class=\"wp-block-column is-layout-flow wp-block-column-is-layout-flow\">\n<div class=\"wp-block-image\"><figure class=\"aligncenter size-large is-resized\"><img loading=\"lazy\" decoding=\"async\" src=\"https:\/\/lescomtessescheries.be\/wp-content\/uploads\/2021\/05\/00-gelish-workshops-intermedi.png\" alt=\"\" class=\"wp-image-775\" width=\"150\" height=\"150\" srcset=\"https:\/\/lescomtessescheries.be\/wp-content\/uploads\/2021\/05\/00-gelish-workshops-intermedi.png 900w, https:\/\/lescomtessescheries.be\/wp-content\/uploads\/2021\/05\/00-gelish-workshops-intermedi-300x300.png 300w, https:\/\/lescomtessescheries.be\/wp-content\/uploads\/2021\/05\/00-gelish-workshops-intermedi-150x150.png 150w, https:\/\/lescomtessescheries.be\/wp-content\/uploads\/2021\/05\/00-gelish-workshops-intermedi-768x765.png 768w, https:\/\/lescomtessescheries.be\/wp-content\/uploads\/2021\/05\/00-gelish-workshops-intermedi-666x666.png 666w\" sizes=\"auto, (max-width: 150px) 100vw, 150px\" \/><\/figure><\/div>\n\n\n\n<p><\/p>\n<\/div>\n\n\n\n<div class=\"wp-block-column is-layout-flow wp-block-column-is-layout-flow\">\n<div class=\"wp-block-image\"><figure class=\"aligncenter size-large is-resized\"><img loading=\"lazy\" decoding=\"async\" src=\"https:\/\/lescomtessescheries.be\/wp-content\/uploads\/2021\/05\/vaccum-body.png\" alt=\"\" class=\"wp-image-317\" width=\"150\" height=\"150\" srcset=\"https:\/\/lescomtessescheries.be\/wp-content\/uploads\/2021\/05\/vaccum-body.png 160w, https:\/\/lescomtessescheries.be\/wp-content\/uploads\/2021\/05\/vaccum-body-150x150.png 150w\" sizes=\"auto, (max-width: 150px) 100vw, 150px\" \/><\/figure><\/div>\n<\/div>\n<\/div>\n<\/div>\n<\/div>\n<\/div>\n<\/div>\n<\/div>\n<\/div>\n<\/div><\/div>\n","protected":false},"excerpt":{"rendered":"<p>Les marques partenaires de votre institut ont \u00e9t\u00e9 rigoureusement s\u00e9lectionn\u00e9es pour leur engagement \u00e9thique, leur savoir-faire et leur r\u00e9sultat. Elles<\/p>\n<p><a href=\"https:\/\/lescomtessescheries.be\/?page_id=310\" class=\"more-link\">Continue reading<span class=\"screen-reader-text\">LES MARQUES<\/span><\/a><\/p>\n","protected":false},"author":4,"featured_media":0,"parent":0,"menu_order":0,"comment_status":"closed","ping_status":"closed","template":"","meta":{"_monsterinsights_skip_tracking":false,"_monsterinsights_sitenote_active":false,"_monsterinsights_sitenote_note":"","_monsterinsights_sitenote_category":0,"footnotes":""},"class_list":["post-310","page","type-page","status-publish","hentry"],"yoast_head":"<!-- This site is optimized with the Yoast SEO plugin v21.2 - https:\/\/yoast.com\/wordpress\/plugins\/seo\/ -->\n<title>LES MARQUES - LES COMTESSES CHERIES<\/title>\n<meta name=\"robots\" content=\"index, follow, max-snippet:-1, max-image-preview:large, max-video-preview:-1\" \/>\n<link rel=\"canonical\" href=\"https:\/\/lescomtessescheries.be\/?page_id=310\" \/>\n<meta property=\"og:locale\" content=\"fr_FR\" \/>\n<meta property=\"og:type\" content=\"article\" \/>\n<meta property=\"og:title\" content=\"LES MARQUES - LES COMTESSES CHERIES\" \/>\n<meta property=\"og:description\" content=\"Les marques partenaires de votre institut ont \u00e9t\u00e9 rigoureusement s\u00e9lectionn\u00e9es pour leur engagement \u00e9thique, leur savoir-faire et leur r\u00e9sultat. EllesContinue readingLES MARQUES\" \/>\n<meta property=\"og:url\" content=\"https:\/\/lescomtessescheries.be\/?page_id=310\" \/>\n<meta property=\"og:site_name\" content=\"LES COMTESSES CHERIES\" \/>\n<meta property=\"article:modified_time\" content=\"2021-06-15T12:29:11+00:00\" \/>\n<meta property=\"og:image\" content=\"https:\/\/lescomtessescheries.be\/wp-content\/uploads\/2021\/05\/mavala-1.jpg\" \/>\n<meta name=\"twitter:card\" content=\"summary_large_image\" \/>\n<meta name=\"twitter:label1\" content=\"Dur\u00e9e de lecture est.\" \/>\n\t<meta name=\"twitter:data1\" content=\"2 minutes\" \/>\n<script type=\"application\/ld+json\" class=\"yoast-schema-graph\">{\"@context\":\"https:\/\/schema.org\",\"@graph\":[{\"@type\":\"WebPage\",\"@id\":\"https:\/\/lescomtessescheries.be\/?page_id=310\",\"url\":\"https:\/\/lescomtessescheries.be\/?page_id=310\",\"name\":\"LES MARQUES - LES COMTESSES CHERIES\",\"isPartOf\":{\"@id\":\"https:\/\/lescomtessescheries.be\/#website\"},\"datePublished\":\"2021-05-25T13:11:32+00:00\",\"dateModified\":\"2021-06-15T12:29:11+00:00\",\"breadcrumb\":{\"@id\":\"https:\/\/lescomtessescheries.be\/?page_id=310#breadcrumb\"},\"inLanguage\":\"fr-BE\",\"potentialAction\":[{\"@type\":\"ReadAction\",\"target\":[\"https:\/\/lescomtessescheries.be\/?page_id=310\"]}]},{\"@type\":\"BreadcrumbList\",\"@id\":\"https:\/\/lescomtessescheries.be\/?page_id=310#breadcrumb\",\"itemListElement\":[{\"@type\":\"ListItem\",\"position\":1,\"name\":\"Accueil\",\"item\":\"https:\/\/lescomtessescheries.be\/\"},{\"@type\":\"ListItem\",\"position\":2,\"name\":\"LES MARQUES\"}]},{\"@type\":\"WebSite\",\"@id\":\"https:\/\/lescomtessescheries.be\/#website\",\"url\":\"https:\/\/lescomtessescheries.be\/\",\"name\":\"LES COMTESSES CHERIES\",\"description\":\"Maison de beaut\u00e9 \u00e0 Ayeneux\",\"publisher\":{\"@id\":\"https:\/\/lescomtessescheries.be\/#organization\"},\"potentialAction\":[{\"@type\":\"SearchAction\",\"target\":{\"@type\":\"EntryPoint\",\"urlTemplate\":\"https:\/\/lescomtessescheries.be\/?s={search_term_string}\"},\"query-input\":\"required name=search_term_string\"}],\"inLanguage\":\"fr-BE\"},{\"@type\":\"Organization\",\"@id\":\"https:\/\/lescomtessescheries.be\/#organization\",\"name\":\"LES COMTESSES CHERIES\",\"url\":\"https:\/\/lescomtessescheries.be\/\",\"logo\":{\"@type\":\"ImageObject\",\"inLanguage\":\"fr-BE\",\"@id\":\"https:\/\/lescomtessescheries.be\/#\/schema\/logo\/image\/\",\"url\":\"https:\/\/lescomtessescheries.be\/wp-content\/uploads\/2021\/09\/cropped-cropped-cropped-logo-web-1-e1673255627958.jpg\",\"contentUrl\":\"https:\/\/lescomtessescheries.be\/wp-content\/uploads\/2021\/09\/cropped-cropped-cropped-logo-web-1-e1673255627958.jpg\",\"width\":1536,\"height\":329,\"caption\":\"LES COMTESSES CHERIES\"},\"image\":{\"@id\":\"https:\/\/lescomtessescheries.be\/#\/schema\/logo\/image\/\"}}]}<\/script>\n<!-- \/ Yoast SEO plugin. -->","yoast_head_json":{"title":"LES MARQUES - LES COMTESSES CHERIES","robots":{"index":"index","follow":"follow","max-snippet":"max-snippet:-1","max-image-preview":"max-image-preview:large","max-video-preview":"max-video-preview:-1"},"canonical":"https:\/\/lescomtessescheries.be\/?page_id=310","og_locale":"fr_FR","og_type":"article","og_title":"LES MARQUES - LES COMTESSES CHERIES","og_description":"Les marques partenaires de votre institut ont \u00e9t\u00e9 rigoureusement s\u00e9lectionn\u00e9es pour leur engagement \u00e9thique, leur savoir-faire et leur r\u00e9sultat. EllesContinue readingLES MARQUES","og_url":"https:\/\/lescomtessescheries.be\/?page_id=310","og_site_name":"LES COMTESSES CHERIES","article_modified_time":"2021-06-15T12:29:11+00:00","og_image":[{"url":"https:\/\/lescomtessescheries.be\/wp-content\/uploads\/2021\/05\/mavala-1.jpg"}],"twitter_card":"summary_large_image","twitter_misc":{"Dur\u00e9e de lecture est.":"2 minutes"},"schema":{"@context":"https:\/\/schema.org","@graph":[{"@type":"WebPage","@id":"https:\/\/lescomtessescheries.be\/?page_id=310","url":"https:\/\/lescomtessescheries.be\/?page_id=310","name":"LES MARQUES - LES COMTESSES CHERIES","isPartOf":{"@id":"https:\/\/lescomtessescheries.be\/#website"},"datePublished":"2021-05-25T13:11:32+00:00","dateModified":"2021-06-15T12:29:11+00:00","breadcrumb":{"@id":"https:\/\/lescomtessescheries.be\/?page_id=310#breadcrumb"},"inLanguage":"fr-BE","potentialAction":[{"@type":"ReadAction","target":["https:\/\/lescomtessescheries.be\/?page_id=310"]}]},{"@type":"BreadcrumbList","@id":"https:\/\/lescomtessescheries.be\/?page_id=310#breadcrumb","itemListElement":[{"@type":"ListItem","position":1,"name":"Accueil","item":"https:\/\/lescomtessescheries.be\/"},{"@type":"ListItem","position":2,"name":"LES MARQUES"}]},{"@type":"WebSite","@id":"https:\/\/lescomtessescheries.be\/#website","url":"https:\/\/lescomtessescheries.be\/","name":"LES COMTESSES CHERIES","description":"Maison de beaut\u00e9 \u00e0 Ayeneux","publisher":{"@id":"https:\/\/lescomtessescheries.be\/#organization"},"potentialAction":[{"@type":"SearchAction","target":{"@type":"EntryPoint","urlTemplate":"https:\/\/lescomtessescheries.be\/?s={search_term_string}"},"query-input":"required name=search_term_string"}],"inLanguage":"fr-BE"},{"@type":"Organization","@id":"https:\/\/lescomtessescheries.be\/#organization","name":"LES COMTESSES CHERIES","url":"https:\/\/lescomtessescheries.be\/","logo":{"@type":"ImageObject","inLanguage":"fr-BE","@id":"https:\/\/lescomtessescheries.be\/#\/schema\/logo\/image\/","url":"https:\/\/lescomtessescheries.be\/wp-content\/uploads\/2021\/09\/cropped-cropped-cropped-logo-web-1-e1673255627958.jpg","contentUrl":"https:\/\/lescomtessescheries.be\/wp-content\/uploads\/2021\/09\/cropped-cropped-cropped-logo-web-1-e1673255627958.jpg","width":1536,"height":329,"caption":"LES COMTESSES CHERIES"},"image":{"@id":"https:\/\/lescomtessescheries.be\/#\/schema\/logo\/image\/"}}]}},"_links":{"self":[{"href":"https:\/\/lescomtessescheries.be\/index.php?rest_route=\/wp\/v2\/pages\/310","targetHints":{"allow":["GET"]}}],"collection":[{"href":"https:\/\/lescomtessescheries.be\/index.php?rest_route=\/wp\/v2\/pages"}],"about":[{"href":"https:\/\/lescomtessescheries.be\/index.php?rest_route=\/wp\/v2\/types\/page"}],"author":[{"embeddable":true,"href":"https:\/\/lescomtessescheries.be\/index.php?rest_route=\/wp\/v2\/users\/4"}],"replies":[{"embeddable":true,"href":"https:\/\/lescomtessescheries.be\/index.php?rest_route=%2Fwp%2Fv2%2Fcomments&post=310"}],"version-history":[{"count":16,"href":"https:\/\/lescomtessescheries.be\/index.php?rest_route=\/wp\/v2\/pages\/310\/revisions"}],"predecessor-version":[{"id":968,"href":"https:\/\/lescomtessescheries.be\/index.php?rest_route=\/wp\/v2\/pages\/310\/revisions\/968"}],"wp:attachment":[{"href":"https:\/\/lescomtessescheries.be\/index.php?rest_route=%2Fwp%2Fv2%2Fmedia&parent=310"}],"curies":[{"name":"wp","href":"https:\/\/api.w.org\/{rel}","templated":true}]}}