{"id":359,"date":"2021-05-25T18:53:55","date_gmt":"2021-05-25T18:53:55","guid":{"rendered":"https:\/\/lescomtessescheries.be\/?page_id=359"},"modified":"2021-06-16T09:31:54","modified_gmt":"2021-06-16T09:31:54","slug":"mise-en-beaute-regard","status":"publish","type":"page","link":"https:\/\/lescomtessescheries.be\/?page_id=359","title":{"rendered":"MISE EN BEAUTE REGARD"},"content":{"rendered":"\n<div class=\"wp-block-cover has-background-dim-30 has-medium-gray-background-color has-background-dim\" style=\"min-height:350px;aspect-ratio:unset;\"><img loading=\"lazy\" decoding=\"async\" width=\"1920\" height=\"1316\" class=\"wp-block-cover__image-background wp-image-833\" alt=\"\" src=\"https:\/\/lescomtessescheries.be\/wp-content\/uploads\/2021\/06\/girl-2771001_1920.jpg\" style=\"object-position:49% 16%\" data-object-fit=\"cover\" data-object-position=\"49% 16%\" srcset=\"https:\/\/lescomtessescheries.be\/wp-content\/uploads\/2021\/06\/girl-2771001_1920.jpg 1920w, https:\/\/lescomtessescheries.be\/wp-content\/uploads\/2021\/06\/girl-2771001_1920-300x206.jpg 300w, https:\/\/lescomtessescheries.be\/wp-content\/uploads\/2021\/06\/girl-2771001_1920-1024x702.jpg 1024w, https:\/\/lescomtessescheries.be\/wp-content\/uploads\/2021\/06\/girl-2771001_1920-768x526.jpg 768w, https:\/\/lescomtessescheries.be\/wp-content\/uploads\/2021\/06\/girl-2771001_1920-1536x1053.jpg 1536w\" sizes=\"auto, (max-width: 1920px) 100vw, 1920px\" \/><div class=\"wp-block-cover__inner-container is-layout-flow wp-block-cover-is-layout-flow\">\n<p class=\"has-text-align-center has-large-font-size\"><\/p>\n<\/div><\/div>\n\n\n\n<div style=\"height:30px\" aria-hidden=\"true\" class=\"wp-block-spacer\"><\/div>\n\n\n\n<div class=\"wp-block-columns is-layout-flex wp-container-core-columns-is-layout-9d6595d7 wp-block-columns-is-layout-flex\">\n<div class=\"wp-block-column is-layout-flow wp-block-column-is-layout-flow\">\n<p class=\"has-text-align-center\">Des sourcils superbement soign\u00e9s sont un secret&nbsp;de beaut\u00e9 incontournable. Sans entretien r\u00e9gulier, vos sourcils peuvent para\u00eetre n\u00e9glig\u00e9s. M\u00eame sans maquillage, une femme aux sourcils bien entretenus appara\u00eetra g\u00e9n\u00e9ralement plus belle et plus raffin\u00e9e.<\/p>\n\n\n\n<p class=\"has-text-align-center\">La teinture des sourcils permet \u00e0 vos sourcils de para\u00eetre plus fournis et de gagner en pr\u00e9sence. C&rsquo;est le meilleur moyen d&rsquo;exploiter tous les petits poils si pr\u00e9cieux que vous ne soup\u00e7onnez pas. Dans certains cas, cela \u00e9vite m\u00eame de les maquiller tellement vos poils sont jolis au naturel!<\/p>\n\n\n\n<p class=\"has-text-align-center\">C\u2019est pourquoi chez Les Comtesses Ch\u00e9ries, je vous proposes des prestations con\u00e7ues pour ajouter de la longueur \u00e0 vos cils et cr\u00e9er de la d\u00e9finition et du volume aux sourcils, une vrai plus-value par rapport \u00e0 la simple \u00e9pilation.<\/p>\n<\/div>\n<\/div>\n\n\n\n<h5 class=\"has-text-align-center has-text-color wp-block-heading\" style=\"color:#baa68b\">Les prestations<\/h5>\n\n\n\n<p class=\"has-text-align-center\">Cr\u00e9ation &#8211; Restructuration des sourcils&nbsp;:&nbsp;red\u00e9finition de la forme des sourcils &nbsp;\u2022&nbsp;\u00c9pilation des sourcils :&nbsp;pince \u00e0 \u00e9piler \/ &nbsp;\u00e0 la cire &nbsp;&nbsp;\u2022&nbsp; Rehaussement de cils Yumilashes &nbsp;&nbsp;\u2022&nbsp;Teinture cils Yumi Lashes &nbsp;\u2022&nbsp;Teinture cils &nbsp;\u2022&nbsp;Teinture sourcils&nbsp;<\/p>\n\n\n\n<div class=\"wp-block-buttons is-content-justification-center is-layout-flex wp-block-buttons-is-layout-flex\">\n<div class=\"wp-block-button\"><a class=\"wp-block-button__link has-background no-border-radius\" href=\"https:\/\/lescomtessescheries.be\/?page_id=1013\" style=\"background-color:#baa68b\">d\u00e9couvrir le tarif complet<\/a><\/div>\n<\/div>\n","protected":false},"excerpt":{"rendered":"<p>Des sourcils superbement soign\u00e9s sont un secret&nbsp;de beaut\u00e9 incontournable. Sans entretien r\u00e9gulier, vos sourcils peuvent para\u00eetre n\u00e9glig\u00e9s. M\u00eame sans maquillage,<\/p>\n<p><a href=\"https:\/\/lescomtessescheries.be\/?page_id=359\" class=\"more-link\">Continue reading<span class=\"screen-reader-text\">MISE EN BEAUTE REGARD<\/span><\/a><\/p>\n","protected":false},"author":4,"featured_media":0,"parent":16,"menu_order":0,"comment_status":"closed","ping_status":"closed","template":"","meta":{"_monsterinsights_skip_tracking":false,"_monsterinsights_sitenote_active":false,"_monsterinsights_sitenote_note":"","_monsterinsights_sitenote_category":0,"footnotes":""},"class_list":["post-359","page","type-page","status-publish","hentry"],"yoast_head":"<!-- This site is optimized with the Yoast SEO plugin v21.2 - https:\/\/yoast.com\/wordpress\/plugins\/seo\/ -->\n<title>MISE EN BEAUTE REGARD - LES COMTESSES CHERIES<\/title>\n<meta name=\"robots\" content=\"index, follow, max-snippet:-1, max-image-preview:large, max-video-preview:-1\" \/>\n<link rel=\"canonical\" href=\"https:\/\/lescomtessescheries.be\/?page_id=359\" \/>\n<meta property=\"og:locale\" content=\"fr_FR\" \/>\n<meta property=\"og:type\" content=\"article\" \/>\n<meta property=\"og:title\" content=\"MISE EN BEAUTE REGARD - LES COMTESSES CHERIES\" \/>\n<meta property=\"og:description\" content=\"Des sourcils superbement soign\u00e9s sont un secret&nbsp;de beaut\u00e9 incontournable. Sans entretien r\u00e9gulier, vos sourcils peuvent para\u00eetre n\u00e9glig\u00e9s. M\u00eame sans maquillage,Continue readingMISE EN BEAUTE REGARD\" \/>\n<meta property=\"og:url\" content=\"https:\/\/lescomtessescheries.be\/?page_id=359\" \/>\n<meta property=\"og:site_name\" content=\"LES COMTESSES CHERIES\" \/>\n<meta property=\"article:modified_time\" content=\"2021-06-16T09:31:54+00:00\" \/>\n<meta property=\"og:image\" content=\"https:\/\/lescomtessescheries.be\/wp-content\/uploads\/2021\/06\/girl-2771001_1920.jpg\" \/>\n<meta name=\"twitter:card\" content=\"summary_large_image\" \/>\n<meta name=\"twitter:label1\" content=\"Dur\u00e9e de lecture est.\" \/>\n\t<meta name=\"twitter:data1\" content=\"1 minute\" \/>\n<script type=\"application\/ld+json\" class=\"yoast-schema-graph\">{\"@context\":\"https:\/\/schema.org\",\"@graph\":[{\"@type\":\"WebPage\",\"@id\":\"https:\/\/lescomtessescheries.be\/?page_id=359\",\"url\":\"https:\/\/lescomtessescheries.be\/?page_id=359\",\"name\":\"MISE EN BEAUTE REGARD - LES COMTESSES CHERIES\",\"isPartOf\":{\"@id\":\"https:\/\/lescomtessescheries.be\/#website\"},\"datePublished\":\"2021-05-25T18:53:55+00:00\",\"dateModified\":\"2021-06-16T09:31:54+00:00\",\"breadcrumb\":{\"@id\":\"https:\/\/lescomtessescheries.be\/?page_id=359#breadcrumb\"},\"inLanguage\":\"fr-BE\",\"potentialAction\":[{\"@type\":\"ReadAction\",\"target\":[\"https:\/\/lescomtessescheries.be\/?page_id=359\"]}]},{\"@type\":\"BreadcrumbList\",\"@id\":\"https:\/\/lescomtessescheries.be\/?page_id=359#breadcrumb\",\"itemListElement\":[{\"@type\":\"ListItem\",\"position\":1,\"name\":\"Accueil\",\"item\":\"https:\/\/lescomtessescheries.be\/\"},{\"@type\":\"ListItem\",\"position\":2,\"name\":\"SOINS &#038; MISES EN BEAUTE\",\"item\":\"https:\/\/lescomtessescheries.be\/?page_id=16\"},{\"@type\":\"ListItem\",\"position\":3,\"name\":\"MISE EN BEAUTE REGARD\"}]},{\"@type\":\"WebSite\",\"@id\":\"https:\/\/lescomtessescheries.be\/#website\",\"url\":\"https:\/\/lescomtessescheries.be\/\",\"name\":\"LES COMTESSES CHERIES\",\"description\":\"Maison de beaut\u00e9 \u00e0 Ayeneux\",\"publisher\":{\"@id\":\"https:\/\/lescomtessescheries.be\/#organization\"},\"potentialAction\":[{\"@type\":\"SearchAction\",\"target\":{\"@type\":\"EntryPoint\",\"urlTemplate\":\"https:\/\/lescomtessescheries.be\/?s={search_term_string}\"},\"query-input\":\"required name=search_term_string\"}],\"inLanguage\":\"fr-BE\"},{\"@type\":\"Organization\",\"@id\":\"https:\/\/lescomtessescheries.be\/#organization\",\"name\":\"LES COMTESSES CHERIES\",\"url\":\"https:\/\/lescomtessescheries.be\/\",\"logo\":{\"@type\":\"ImageObject\",\"inLanguage\":\"fr-BE\",\"@id\":\"https:\/\/lescomtessescheries.be\/#\/schema\/logo\/image\/\",\"url\":\"https:\/\/lescomtessescheries.be\/wp-content\/uploads\/2021\/09\/cropped-cropped-cropped-logo-web-1-e1673255627958.jpg\",\"contentUrl\":\"https:\/\/lescomtessescheries.be\/wp-content\/uploads\/2021\/09\/cropped-cropped-cropped-logo-web-1-e1673255627958.jpg\",\"width\":1536,\"height\":329,\"caption\":\"LES COMTESSES CHERIES\"},\"image\":{\"@id\":\"https:\/\/lescomtessescheries.be\/#\/schema\/logo\/image\/\"}}]}<\/script>\n<!-- \/ Yoast SEO plugin. -->","yoast_head_json":{"title":"MISE EN BEAUTE REGARD - LES COMTESSES CHERIES","robots":{"index":"index","follow":"follow","max-snippet":"max-snippet:-1","max-image-preview":"max-image-preview:large","max-video-preview":"max-video-preview:-1"},"canonical":"https:\/\/lescomtessescheries.be\/?page_id=359","og_locale":"fr_FR","og_type":"article","og_title":"MISE EN BEAUTE REGARD - LES COMTESSES CHERIES","og_description":"Des sourcils superbement soign\u00e9s sont un secret&nbsp;de beaut\u00e9 incontournable. Sans entretien r\u00e9gulier, vos sourcils peuvent para\u00eetre n\u00e9glig\u00e9s. M\u00eame sans maquillage,Continue readingMISE EN BEAUTE REGARD","og_url":"https:\/\/lescomtessescheries.be\/?page_id=359","og_site_name":"LES COMTESSES CHERIES","article_modified_time":"2021-06-16T09:31:54+00:00","og_image":[{"url":"https:\/\/lescomtessescheries.be\/wp-content\/uploads\/2021\/06\/girl-2771001_1920.jpg"}],"twitter_card":"summary_large_image","twitter_misc":{"Dur\u00e9e de lecture est.":"1 minute"},"schema":{"@context":"https:\/\/schema.org","@graph":[{"@type":"WebPage","@id":"https:\/\/lescomtessescheries.be\/?page_id=359","url":"https:\/\/lescomtessescheries.be\/?page_id=359","name":"MISE EN BEAUTE REGARD - LES COMTESSES CHERIES","isPartOf":{"@id":"https:\/\/lescomtessescheries.be\/#website"},"datePublished":"2021-05-25T18:53:55+00:00","dateModified":"2021-06-16T09:31:54+00:00","breadcrumb":{"@id":"https:\/\/lescomtessescheries.be\/?page_id=359#breadcrumb"},"inLanguage":"fr-BE","potentialAction":[{"@type":"ReadAction","target":["https:\/\/lescomtessescheries.be\/?page_id=359"]}]},{"@type":"BreadcrumbList","@id":"https:\/\/lescomtessescheries.be\/?page_id=359#breadcrumb","itemListElement":[{"@type":"ListItem","position":1,"name":"Accueil","item":"https:\/\/lescomtessescheries.be\/"},{"@type":"ListItem","position":2,"name":"SOINS &#038; MISES EN BEAUTE","item":"https:\/\/lescomtessescheries.be\/?page_id=16"},{"@type":"ListItem","position":3,"name":"MISE EN BEAUTE REGARD"}]},{"@type":"WebSite","@id":"https:\/\/lescomtessescheries.be\/#website","url":"https:\/\/lescomtessescheries.be\/","name":"LES COMTESSES CHERIES","description":"Maison de beaut\u00e9 \u00e0 Ayeneux","publisher":{"@id":"https:\/\/lescomtessescheries.be\/#organization"},"potentialAction":[{"@type":"SearchAction","target":{"@type":"EntryPoint","urlTemplate":"https:\/\/lescomtessescheries.be\/?s={search_term_string}"},"query-input":"required name=search_term_string"}],"inLanguage":"fr-BE"},{"@type":"Organization","@id":"https:\/\/lescomtessescheries.be\/#organization","name":"LES COMTESSES CHERIES","url":"https:\/\/lescomtessescheries.be\/","logo":{"@type":"ImageObject","inLanguage":"fr-BE","@id":"https:\/\/lescomtessescheries.be\/#\/schema\/logo\/image\/","url":"https:\/\/lescomtessescheries.be\/wp-content\/uploads\/2021\/09\/cropped-cropped-cropped-logo-web-1-e1673255627958.jpg","contentUrl":"https:\/\/lescomtessescheries.be\/wp-content\/uploads\/2021\/09\/cropped-cropped-cropped-logo-web-1-e1673255627958.jpg","width":1536,"height":329,"caption":"LES COMTESSES CHERIES"},"image":{"@id":"https:\/\/lescomtessescheries.be\/#\/schema\/logo\/image\/"}}]}},"_links":{"self":[{"href":"https:\/\/lescomtessescheries.be\/index.php?rest_route=\/wp\/v2\/pages\/359","targetHints":{"allow":["GET"]}}],"collection":[{"href":"https:\/\/lescomtessescheries.be\/index.php?rest_route=\/wp\/v2\/pages"}],"about":[{"href":"https:\/\/lescomtessescheries.be\/index.php?rest_route=\/wp\/v2\/types\/page"}],"author":[{"embeddable":true,"href":"https:\/\/lescomtessescheries.be\/index.php?rest_route=\/wp\/v2\/users\/4"}],"replies":[{"embeddable":true,"href":"https:\/\/lescomtessescheries.be\/index.php?rest_route=%2Fwp%2Fv2%2Fcomments&post=359"}],"version-history":[{"count":16,"href":"https:\/\/lescomtessescheries.be\/index.php?rest_route=\/wp\/v2\/pages\/359\/revisions"}],"predecessor-version":[{"id":1022,"href":"https:\/\/lescomtessescheries.be\/index.php?rest_route=\/wp\/v2\/pages\/359\/revisions\/1022"}],"up":[{"embeddable":true,"href":"https:\/\/lescomtessescheries.be\/index.php?rest_route=\/wp\/v2\/pages\/16"}],"wp:attachment":[{"href":"https:\/\/lescomtessescheries.be\/index.php?rest_route=%2Fwp%2Fv2%2Fmedia&parent=359"}],"curies":[{"name":"wp","href":"https:\/\/api.w.org\/{rel}","templated":true}]}}