{"id":365,"date":"2021-05-25T19:05:15","date_gmt":"2021-05-25T19:05:15","guid":{"rendered":"https:\/\/lescomtessescheries.be\/?page_id=365"},"modified":"2021-07-26T07:17:35","modified_gmt":"2021-07-26T07:17:35","slug":"mise-en-beaute-mains-pieds","status":"publish","type":"page","link":"https:\/\/lescomtessescheries.be\/?page_id=365","title":{"rendered":"MISE EN BEAUTE MAINS &#038; PIEDS"},"content":{"rendered":"\n<div class=\"wp-block-cover has-background-dim-30 has-background-dim\" style=\"min-height:350px;aspect-ratio:unset;\"><img loading=\"lazy\" decoding=\"async\" width=\"1080\" height=\"1080\" class=\"wp-block-cover__image-background wp-image-1121\" alt=\"\" src=\"https:\/\/lescomtessescheries.be\/wp-content\/uploads\/2021\/07\/mainsetpieds.jpg\" data-object-fit=\"cover\" srcset=\"https:\/\/lescomtessescheries.be\/wp-content\/uploads\/2021\/07\/mainsetpieds.jpg 1080w, https:\/\/lescomtessescheries.be\/wp-content\/uploads\/2021\/07\/mainsetpieds-300x300.jpg 300w, https:\/\/lescomtessescheries.be\/wp-content\/uploads\/2021\/07\/mainsetpieds-1024x1024.jpg 1024w, https:\/\/lescomtessescheries.be\/wp-content\/uploads\/2021\/07\/mainsetpieds-150x150.jpg 150w, https:\/\/lescomtessescheries.be\/wp-content\/uploads\/2021\/07\/mainsetpieds-768x768.jpg 768w, https:\/\/lescomtessescheries.be\/wp-content\/uploads\/2021\/07\/mainsetpieds-666x666.jpg 666w\" sizes=\"auto, (max-width: 1080px) 100vw, 1080px\" \/><div class=\"wp-block-cover__inner-container is-layout-flow wp-block-cover-is-layout-flow\">\n<p class=\"has-text-align-center has-large-font-size\"><\/p>\n<\/div><\/div>\n\n\n\n<div style=\"height:30px\" aria-hidden=\"true\" class=\"wp-block-spacer\"><\/div>\n\n\n\n<div class=\"wp-block-columns is-layout-flex wp-container-core-columns-is-layout-9d6595d7 wp-block-columns-is-layout-flex\">\n<div class=\"wp-block-column is-layout-flow wp-block-column-is-layout-flow\">\n<p class=\"has-text-align-center\">Une gamme de soins et de vernis de haute qualit\u00e9 sont propos\u00e9s pour vous apporter un r\u00e9sultat soign\u00e9 et respecter la sant\u00e9 de vos ongles, ainsi que l\u2019hydratation de vos mains et pieds.<\/p>\n\n\n\n<p class=\"has-text-align-center\">Le soin des mains est r\u00e9alis\u00e9 en fonction de vos besoins avec les produits de soin Mavala. Cette marque offre une ligne de produits aux ingr\u00e9dients actifs pour r\u00e9soudre tous les probl\u00e8mes d\u2019ongles.<\/p>\n\n\n\n<p class=\"has-text-align-center\">Chez les Comtesses ch\u00e9ries, j\u2019aborde les m\u00e9tiers de l&rsquo;onglerie et de la p\u00e9dicurie avec un engagement d\u2019hygi\u00e8ne strict et les meilleurs pratiques pour respecter vos ongles naturels.<\/p>\n<\/div>\n<\/div>\n\n\n\n<h5 class=\"has-text-align-center has-text-color wp-block-heading\" style=\"color:#baa68b\">Les prestations<\/h5>\n\n\n\n<p class=\"has-text-align-center\">Soin r\u00e9parateur mains &amp; ongles \u2022 P\u00e9dicure \u2022 Pose de vernis classique \u2022 Pose de vernis semi-permanent sur mains et pieds \u2022 Traitement de renforcement des ongles <strong>\u2022<\/strong> Little Princess (pose de vernis jeune fille) <\/p>\n\n\n\n<div class=\"wp-block-buttons is-content-justification-center is-layout-flex wp-block-buttons-is-layout-flex\">\n<div class=\"wp-block-button\"><a class=\"wp-block-button__link has-background no-border-radius\" href=\"https:\/\/lescomtessescheries.be\/?page_id=1013\" style=\"background-color:#baa68b\">d\u00e9couvrir le tarif complet<\/a><\/div>\n<\/div>\n","protected":false},"excerpt":{"rendered":"<p>Une gamme de soins et de vernis de haute qualit\u00e9 sont propos\u00e9s pour vous apporter un r\u00e9sultat soign\u00e9 et respecter<\/p>\n<p><a href=\"https:\/\/lescomtessescheries.be\/?page_id=365\" class=\"more-link\">Continue reading<span class=\"screen-reader-text\">MISE EN BEAUTE MAINS &#038; PIEDS<\/span><\/a><\/p>\n","protected":false},"author":4,"featured_media":0,"parent":16,"menu_order":0,"comment_status":"closed","ping_status":"closed","template":"","meta":{"_monsterinsights_skip_tracking":false,"_monsterinsights_sitenote_active":false,"_monsterinsights_sitenote_note":"","_monsterinsights_sitenote_category":0,"footnotes":""},"class_list":["post-365","page","type-page","status-publish","hentry"],"yoast_head":"<!-- This site is optimized with the Yoast SEO plugin v21.2 - https:\/\/yoast.com\/wordpress\/plugins\/seo\/ -->\n<title>MISE EN BEAUTE MAINS &amp; PIEDS - LES COMTESSES CHERIES<\/title>\n<meta name=\"robots\" content=\"index, follow, max-snippet:-1, max-image-preview:large, max-video-preview:-1\" \/>\n<link rel=\"canonical\" href=\"https:\/\/lescomtessescheries.be\/?page_id=365\" \/>\n<meta property=\"og:locale\" content=\"fr_FR\" \/>\n<meta property=\"og:type\" content=\"article\" \/>\n<meta property=\"og:title\" content=\"MISE EN BEAUTE MAINS &amp; PIEDS - LES COMTESSES CHERIES\" \/>\n<meta property=\"og:description\" content=\"Une gamme de soins et de vernis de haute qualit\u00e9 sont propos\u00e9s pour vous apporter un r\u00e9sultat soign\u00e9 et respecterContinue readingMISE EN BEAUTE MAINS &#038; PIEDS\" \/>\n<meta property=\"og:url\" content=\"https:\/\/lescomtessescheries.be\/?page_id=365\" \/>\n<meta property=\"og:site_name\" content=\"LES COMTESSES CHERIES\" \/>\n<meta property=\"article:modified_time\" content=\"2021-07-26T07:17:35+00:00\" \/>\n<meta property=\"og:image\" content=\"https:\/\/lescomtessescheries.be\/wp-content\/uploads\/2021\/07\/mainsetpieds.jpg\" \/>\n<meta name=\"twitter:card\" content=\"summary_large_image\" \/>\n<meta name=\"twitter:label1\" content=\"Dur\u00e9e de lecture est.\" \/>\n\t<meta name=\"twitter:data1\" content=\"1 minute\" \/>\n<script type=\"application\/ld+json\" class=\"yoast-schema-graph\">{\"@context\":\"https:\/\/schema.org\",\"@graph\":[{\"@type\":\"WebPage\",\"@id\":\"https:\/\/lescomtessescheries.be\/?page_id=365\",\"url\":\"https:\/\/lescomtessescheries.be\/?page_id=365\",\"name\":\"MISE EN BEAUTE MAINS & PIEDS - LES COMTESSES CHERIES\",\"isPartOf\":{\"@id\":\"https:\/\/lescomtessescheries.be\/#website\"},\"datePublished\":\"2021-05-25T19:05:15+00:00\",\"dateModified\":\"2021-07-26T07:17:35+00:00\",\"breadcrumb\":{\"@id\":\"https:\/\/lescomtessescheries.be\/?page_id=365#breadcrumb\"},\"inLanguage\":\"fr-BE\",\"potentialAction\":[{\"@type\":\"ReadAction\",\"target\":[\"https:\/\/lescomtessescheries.be\/?page_id=365\"]}]},{\"@type\":\"BreadcrumbList\",\"@id\":\"https:\/\/lescomtessescheries.be\/?page_id=365#breadcrumb\",\"itemListElement\":[{\"@type\":\"ListItem\",\"position\":1,\"name\":\"Accueil\",\"item\":\"https:\/\/lescomtessescheries.be\/\"},{\"@type\":\"ListItem\",\"position\":2,\"name\":\"SOINS &#038; MISES EN BEAUTE\",\"item\":\"https:\/\/lescomtessescheries.be\/?page_id=16\"},{\"@type\":\"ListItem\",\"position\":3,\"name\":\"MISE EN BEAUTE MAINS &#038; PIEDS\"}]},{\"@type\":\"WebSite\",\"@id\":\"https:\/\/lescomtessescheries.be\/#website\",\"url\":\"https:\/\/lescomtessescheries.be\/\",\"name\":\"LES COMTESSES CHERIES\",\"description\":\"Maison de beaut\u00e9 \u00e0 Ayeneux\",\"publisher\":{\"@id\":\"https:\/\/lescomtessescheries.be\/#organization\"},\"potentialAction\":[{\"@type\":\"SearchAction\",\"target\":{\"@type\":\"EntryPoint\",\"urlTemplate\":\"https:\/\/lescomtessescheries.be\/?s={search_term_string}\"},\"query-input\":\"required name=search_term_string\"}],\"inLanguage\":\"fr-BE\"},{\"@type\":\"Organization\",\"@id\":\"https:\/\/lescomtessescheries.be\/#organization\",\"name\":\"LES COMTESSES CHERIES\",\"url\":\"https:\/\/lescomtessescheries.be\/\",\"logo\":{\"@type\":\"ImageObject\",\"inLanguage\":\"fr-BE\",\"@id\":\"https:\/\/lescomtessescheries.be\/#\/schema\/logo\/image\/\",\"url\":\"https:\/\/lescomtessescheries.be\/wp-content\/uploads\/2021\/09\/cropped-cropped-cropped-logo-web-1-e1673255627958.jpg\",\"contentUrl\":\"https:\/\/lescomtessescheries.be\/wp-content\/uploads\/2021\/09\/cropped-cropped-cropped-logo-web-1-e1673255627958.jpg\",\"width\":1536,\"height\":329,\"caption\":\"LES COMTESSES CHERIES\"},\"image\":{\"@id\":\"https:\/\/lescomtessescheries.be\/#\/schema\/logo\/image\/\"}}]}<\/script>\n<!-- \/ Yoast SEO plugin. -->","yoast_head_json":{"title":"MISE EN BEAUTE MAINS & PIEDS - LES COMTESSES CHERIES","robots":{"index":"index","follow":"follow","max-snippet":"max-snippet:-1","max-image-preview":"max-image-preview:large","max-video-preview":"max-video-preview:-1"},"canonical":"https:\/\/lescomtessescheries.be\/?page_id=365","og_locale":"fr_FR","og_type":"article","og_title":"MISE EN BEAUTE MAINS & PIEDS - LES COMTESSES CHERIES","og_description":"Une gamme de soins et de vernis de haute qualit\u00e9 sont propos\u00e9s pour vous apporter un r\u00e9sultat soign\u00e9 et respecterContinue readingMISE EN BEAUTE MAINS &#038; PIEDS","og_url":"https:\/\/lescomtessescheries.be\/?page_id=365","og_site_name":"LES COMTESSES CHERIES","article_modified_time":"2021-07-26T07:17:35+00:00","og_image":[{"url":"https:\/\/lescomtessescheries.be\/wp-content\/uploads\/2021\/07\/mainsetpieds.jpg"}],"twitter_card":"summary_large_image","twitter_misc":{"Dur\u00e9e de lecture est.":"1 minute"},"schema":{"@context":"https:\/\/schema.org","@graph":[{"@type":"WebPage","@id":"https:\/\/lescomtessescheries.be\/?page_id=365","url":"https:\/\/lescomtessescheries.be\/?page_id=365","name":"MISE EN BEAUTE MAINS & PIEDS - LES COMTESSES CHERIES","isPartOf":{"@id":"https:\/\/lescomtessescheries.be\/#website"},"datePublished":"2021-05-25T19:05:15+00:00","dateModified":"2021-07-26T07:17:35+00:00","breadcrumb":{"@id":"https:\/\/lescomtessescheries.be\/?page_id=365#breadcrumb"},"inLanguage":"fr-BE","potentialAction":[{"@type":"ReadAction","target":["https:\/\/lescomtessescheries.be\/?page_id=365"]}]},{"@type":"BreadcrumbList","@id":"https:\/\/lescomtessescheries.be\/?page_id=365#breadcrumb","itemListElement":[{"@type":"ListItem","position":1,"name":"Accueil","item":"https:\/\/lescomtessescheries.be\/"},{"@type":"ListItem","position":2,"name":"SOINS &#038; MISES EN BEAUTE","item":"https:\/\/lescomtessescheries.be\/?page_id=16"},{"@type":"ListItem","position":3,"name":"MISE EN BEAUTE MAINS &#038; PIEDS"}]},{"@type":"WebSite","@id":"https:\/\/lescomtessescheries.be\/#website","url":"https:\/\/lescomtessescheries.be\/","name":"LES COMTESSES CHERIES","description":"Maison de beaut\u00e9 \u00e0 Ayeneux","publisher":{"@id":"https:\/\/lescomtessescheries.be\/#organization"},"potentialAction":[{"@type":"SearchAction","target":{"@type":"EntryPoint","urlTemplate":"https:\/\/lescomtessescheries.be\/?s={search_term_string}"},"query-input":"required name=search_term_string"}],"inLanguage":"fr-BE"},{"@type":"Organization","@id":"https:\/\/lescomtessescheries.be\/#organization","name":"LES COMTESSES CHERIES","url":"https:\/\/lescomtessescheries.be\/","logo":{"@type":"ImageObject","inLanguage":"fr-BE","@id":"https:\/\/lescomtessescheries.be\/#\/schema\/logo\/image\/","url":"https:\/\/lescomtessescheries.be\/wp-content\/uploads\/2021\/09\/cropped-cropped-cropped-logo-web-1-e1673255627958.jpg","contentUrl":"https:\/\/lescomtessescheries.be\/wp-content\/uploads\/2021\/09\/cropped-cropped-cropped-logo-web-1-e1673255627958.jpg","width":1536,"height":329,"caption":"LES COMTESSES CHERIES"},"image":{"@id":"https:\/\/lescomtessescheries.be\/#\/schema\/logo\/image\/"}}]}},"_links":{"self":[{"href":"https:\/\/lescomtessescheries.be\/index.php?rest_route=\/wp\/v2\/pages\/365","targetHints":{"allow":["GET"]}}],"collection":[{"href":"https:\/\/lescomtessescheries.be\/index.php?rest_route=\/wp\/v2\/pages"}],"about":[{"href":"https:\/\/lescomtessescheries.be\/index.php?rest_route=\/wp\/v2\/types\/page"}],"author":[{"embeddable":true,"href":"https:\/\/lescomtessescheries.be\/index.php?rest_route=\/wp\/v2\/users\/4"}],"replies":[{"embeddable":true,"href":"https:\/\/lescomtessescheries.be\/index.php?rest_route=%2Fwp%2Fv2%2Fcomments&post=365"}],"version-history":[{"count":10,"href":"https:\/\/lescomtessescheries.be\/index.php?rest_route=\/wp\/v2\/pages\/365\/revisions"}],"predecessor-version":[{"id":1122,"href":"https:\/\/lescomtessescheries.be\/index.php?rest_route=\/wp\/v2\/pages\/365\/revisions\/1122"}],"up":[{"embeddable":true,"href":"https:\/\/lescomtessescheries.be\/index.php?rest_route=\/wp\/v2\/pages\/16"}],"wp:attachment":[{"href":"https:\/\/lescomtessescheries.be\/index.php?rest_route=%2Fwp%2Fv2%2Fmedia&parent=365"}],"curies":[{"name":"wp","href":"https:\/\/api.w.org\/{rel}","templated":true}]}}