{"id":367,"date":"2021-05-25T19:05:45","date_gmt":"2021-05-25T19:05:45","guid":{"rendered":"https:\/\/lescomtessescheries.be\/?page_id=367"},"modified":"2021-06-16T09:31:01","modified_gmt":"2021-06-16T09:31:01","slug":"mise-en-beaute-des-cheris","status":"publish","type":"page","link":"https:\/\/lescomtessescheries.be\/?page_id=367","title":{"rendered":"MISE EN BEAUTE DES CHERIS"},"content":{"rendered":"\n<div class=\"wp-block-cover has-background-dim-30 has-background-dim\" style=\"min-height:350px;aspect-ratio:unset;\"><img loading=\"lazy\" decoding=\"async\" width=\"1920\" height=\"1357\" class=\"wp-block-cover__image-background wp-image-854\" alt=\"\" src=\"https:\/\/lescomtessescheries.be\/wp-content\/uploads\/2021\/06\/massage-2768833_1920.jpg\" data-object-fit=\"cover\" srcset=\"https:\/\/lescomtessescheries.be\/wp-content\/uploads\/2021\/06\/massage-2768833_1920.jpg 1920w, https:\/\/lescomtessescheries.be\/wp-content\/uploads\/2021\/06\/massage-2768833_1920-300x212.jpg 300w, https:\/\/lescomtessescheries.be\/wp-content\/uploads\/2021\/06\/massage-2768833_1920-1024x724.jpg 1024w, https:\/\/lescomtessescheries.be\/wp-content\/uploads\/2021\/06\/massage-2768833_1920-768x543.jpg 768w, https:\/\/lescomtessescheries.be\/wp-content\/uploads\/2021\/06\/massage-2768833_1920-1536x1086.jpg 1536w\" sizes=\"auto, (max-width: 1920px) 100vw, 1920px\" \/><div class=\"wp-block-cover__inner-container is-layout-flow wp-block-cover-is-layout-flow\">\n<p class=\"has-text-align-center has-large-font-size\"><\/p>\n<\/div><\/div>\n\n\n\n<div style=\"height:30px\" aria-hidden=\"true\" class=\"wp-block-spacer\"><\/div>\n\n\n\n<div class=\"wp-block-columns is-layout-flex wp-container-core-columns-is-layout-9d6595d7 wp-block-columns-is-layout-flex\">\n<div class=\"wp-block-column is-layout-flow wp-block-column-is-layout-flow\">\n<p class=\"has-text-align-center\">Dans le respect et la bienveillance, je me fais un plaisir de recevoir les Ch\u00e9ris.<\/p>\n\n\n\n<p class=\"has-text-align-center\">C\u2019est donc \u00e9galement un institut \u00ab&nbsp;Messieurs bienvenus&nbsp;\u00bb avec des soins sp\u00e9cifiques qui leur sont d\u00e9di\u00e9s.<\/p>\n<\/div>\n<\/div>\n\n\n\n<h5 class=\"has-text-align-center has-text-color wp-block-heading\" style=\"color:#baa68b\">Les prestations <\/h5>\n\n\n\n<p class=\"has-text-align-center\">Soin visage \u2022 Epilation visage, sourcils, torse, jambes, dos \u2022 Massage dos \u2022 Massage cr\u00e2nien \u2022 Gommage dos \u2022 Massage drainant \u2022 Massage relaxant <\/p>\n\n\n\n<div class=\"wp-block-buttons is-content-justification-center is-layout-flex wp-block-buttons-is-layout-flex\">\n<div class=\"wp-block-button\"><a class=\"wp-block-button__link has-background no-border-radius\" href=\"https:\/\/lescomtessescheries.be\/?page_id=1013\" style=\"background-color:#baa68b\">d\u00e9couvrir le tarif complet<\/a><\/div>\n<\/div>\n\n\n\n<p><\/p>\n","protected":false},"excerpt":{"rendered":"<p>Dans le respect et la bienveillance, je me fais un plaisir de recevoir les Ch\u00e9ris. C\u2019est donc \u00e9galement un institut<\/p>\n<p><a href=\"https:\/\/lescomtessescheries.be\/?page_id=367\" class=\"more-link\">Continue reading<span class=\"screen-reader-text\">MISE EN BEAUTE DES CHERIS<\/span><\/a><\/p>\n","protected":false},"author":4,"featured_media":0,"parent":16,"menu_order":0,"comment_status":"closed","ping_status":"closed","template":"","meta":{"_monsterinsights_skip_tracking":false,"_monsterinsights_sitenote_active":false,"_monsterinsights_sitenote_note":"","_monsterinsights_sitenote_category":0,"footnotes":""},"class_list":["post-367","page","type-page","status-publish","hentry"],"yoast_head":"<!-- This site is optimized with the Yoast SEO plugin v21.2 - https:\/\/yoast.com\/wordpress\/plugins\/seo\/ -->\n<title>MISE EN BEAUTE DES CHERIS - LES COMTESSES CHERIES<\/title>\n<meta name=\"robots\" content=\"index, follow, max-snippet:-1, max-image-preview:large, max-video-preview:-1\" \/>\n<link rel=\"canonical\" href=\"https:\/\/lescomtessescheries.be\/?page_id=367\" \/>\n<meta property=\"og:locale\" content=\"fr_FR\" \/>\n<meta property=\"og:type\" content=\"article\" \/>\n<meta property=\"og:title\" content=\"MISE EN BEAUTE DES CHERIS - LES COMTESSES CHERIES\" \/>\n<meta property=\"og:description\" content=\"Dans le respect et la bienveillance, je me fais un plaisir de recevoir les Ch\u00e9ris. C\u2019est donc \u00e9galement un institutContinue readingMISE EN BEAUTE DES CHERIS\" \/>\n<meta property=\"og:url\" content=\"https:\/\/lescomtessescheries.be\/?page_id=367\" \/>\n<meta property=\"og:site_name\" content=\"LES COMTESSES CHERIES\" \/>\n<meta property=\"article:modified_time\" content=\"2021-06-16T09:31:01+00:00\" \/>\n<meta property=\"og:image\" content=\"https:\/\/lescomtessescheries.be\/wp-content\/uploads\/2021\/06\/massage-2768833_1920.jpg\" \/>\n<meta name=\"twitter:card\" content=\"summary_large_image\" \/>\n<meta name=\"twitter:label1\" content=\"Dur\u00e9e de lecture est.\" \/>\n\t<meta name=\"twitter:data1\" content=\"1 minute\" \/>\n<script type=\"application\/ld+json\" class=\"yoast-schema-graph\">{\"@context\":\"https:\/\/schema.org\",\"@graph\":[{\"@type\":\"WebPage\",\"@id\":\"https:\/\/lescomtessescheries.be\/?page_id=367\",\"url\":\"https:\/\/lescomtessescheries.be\/?page_id=367\",\"name\":\"MISE EN BEAUTE DES CHERIS - LES COMTESSES CHERIES\",\"isPartOf\":{\"@id\":\"https:\/\/lescomtessescheries.be\/#website\"},\"datePublished\":\"2021-05-25T19:05:45+00:00\",\"dateModified\":\"2021-06-16T09:31:01+00:00\",\"breadcrumb\":{\"@id\":\"https:\/\/lescomtessescheries.be\/?page_id=367#breadcrumb\"},\"inLanguage\":\"fr-BE\",\"potentialAction\":[{\"@type\":\"ReadAction\",\"target\":[\"https:\/\/lescomtessescheries.be\/?page_id=367\"]}]},{\"@type\":\"BreadcrumbList\",\"@id\":\"https:\/\/lescomtessescheries.be\/?page_id=367#breadcrumb\",\"itemListElement\":[{\"@type\":\"ListItem\",\"position\":1,\"name\":\"Accueil\",\"item\":\"https:\/\/lescomtessescheries.be\/\"},{\"@type\":\"ListItem\",\"position\":2,\"name\":\"SOINS &#038; MISES EN BEAUTE\",\"item\":\"https:\/\/lescomtessescheries.be\/?page_id=16\"},{\"@type\":\"ListItem\",\"position\":3,\"name\":\"MISE EN BEAUTE DES CHERIS\"}]},{\"@type\":\"WebSite\",\"@id\":\"https:\/\/lescomtessescheries.be\/#website\",\"url\":\"https:\/\/lescomtessescheries.be\/\",\"name\":\"LES COMTESSES CHERIES\",\"description\":\"Maison de beaut\u00e9 \u00e0 Ayeneux\",\"publisher\":{\"@id\":\"https:\/\/lescomtessescheries.be\/#organization\"},\"potentialAction\":[{\"@type\":\"SearchAction\",\"target\":{\"@type\":\"EntryPoint\",\"urlTemplate\":\"https:\/\/lescomtessescheries.be\/?s={search_term_string}\"},\"query-input\":\"required name=search_term_string\"}],\"inLanguage\":\"fr-BE\"},{\"@type\":\"Organization\",\"@id\":\"https:\/\/lescomtessescheries.be\/#organization\",\"name\":\"LES COMTESSES CHERIES\",\"url\":\"https:\/\/lescomtessescheries.be\/\",\"logo\":{\"@type\":\"ImageObject\",\"inLanguage\":\"fr-BE\",\"@id\":\"https:\/\/lescomtessescheries.be\/#\/schema\/logo\/image\/\",\"url\":\"https:\/\/lescomtessescheries.be\/wp-content\/uploads\/2021\/09\/cropped-cropped-cropped-logo-web-1-e1673255627958.jpg\",\"contentUrl\":\"https:\/\/lescomtessescheries.be\/wp-content\/uploads\/2021\/09\/cropped-cropped-cropped-logo-web-1-e1673255627958.jpg\",\"width\":1536,\"height\":329,\"caption\":\"LES COMTESSES CHERIES\"},\"image\":{\"@id\":\"https:\/\/lescomtessescheries.be\/#\/schema\/logo\/image\/\"}}]}<\/script>\n<!-- \/ Yoast SEO plugin. -->","yoast_head_json":{"title":"MISE EN BEAUTE DES CHERIS - LES COMTESSES CHERIES","robots":{"index":"index","follow":"follow","max-snippet":"max-snippet:-1","max-image-preview":"max-image-preview:large","max-video-preview":"max-video-preview:-1"},"canonical":"https:\/\/lescomtessescheries.be\/?page_id=367","og_locale":"fr_FR","og_type":"article","og_title":"MISE EN BEAUTE DES CHERIS - LES COMTESSES CHERIES","og_description":"Dans le respect et la bienveillance, je me fais un plaisir de recevoir les Ch\u00e9ris. C\u2019est donc \u00e9galement un institutContinue readingMISE EN BEAUTE DES CHERIS","og_url":"https:\/\/lescomtessescheries.be\/?page_id=367","og_site_name":"LES COMTESSES CHERIES","article_modified_time":"2021-06-16T09:31:01+00:00","og_image":[{"url":"https:\/\/lescomtessescheries.be\/wp-content\/uploads\/2021\/06\/massage-2768833_1920.jpg"}],"twitter_card":"summary_large_image","twitter_misc":{"Dur\u00e9e de lecture est.":"1 minute"},"schema":{"@context":"https:\/\/schema.org","@graph":[{"@type":"WebPage","@id":"https:\/\/lescomtessescheries.be\/?page_id=367","url":"https:\/\/lescomtessescheries.be\/?page_id=367","name":"MISE EN BEAUTE DES CHERIS - LES COMTESSES CHERIES","isPartOf":{"@id":"https:\/\/lescomtessescheries.be\/#website"},"datePublished":"2021-05-25T19:05:45+00:00","dateModified":"2021-06-16T09:31:01+00:00","breadcrumb":{"@id":"https:\/\/lescomtessescheries.be\/?page_id=367#breadcrumb"},"inLanguage":"fr-BE","potentialAction":[{"@type":"ReadAction","target":["https:\/\/lescomtessescheries.be\/?page_id=367"]}]},{"@type":"BreadcrumbList","@id":"https:\/\/lescomtessescheries.be\/?page_id=367#breadcrumb","itemListElement":[{"@type":"ListItem","position":1,"name":"Accueil","item":"https:\/\/lescomtessescheries.be\/"},{"@type":"ListItem","position":2,"name":"SOINS &#038; MISES EN BEAUTE","item":"https:\/\/lescomtessescheries.be\/?page_id=16"},{"@type":"ListItem","position":3,"name":"MISE EN BEAUTE DES CHERIS"}]},{"@type":"WebSite","@id":"https:\/\/lescomtessescheries.be\/#website","url":"https:\/\/lescomtessescheries.be\/","name":"LES COMTESSES CHERIES","description":"Maison de beaut\u00e9 \u00e0 Ayeneux","publisher":{"@id":"https:\/\/lescomtessescheries.be\/#organization"},"potentialAction":[{"@type":"SearchAction","target":{"@type":"EntryPoint","urlTemplate":"https:\/\/lescomtessescheries.be\/?s={search_term_string}"},"query-input":"required name=search_term_string"}],"inLanguage":"fr-BE"},{"@type":"Organization","@id":"https:\/\/lescomtessescheries.be\/#organization","name":"LES COMTESSES CHERIES","url":"https:\/\/lescomtessescheries.be\/","logo":{"@type":"ImageObject","inLanguage":"fr-BE","@id":"https:\/\/lescomtessescheries.be\/#\/schema\/logo\/image\/","url":"https:\/\/lescomtessescheries.be\/wp-content\/uploads\/2021\/09\/cropped-cropped-cropped-logo-web-1-e1673255627958.jpg","contentUrl":"https:\/\/lescomtessescheries.be\/wp-content\/uploads\/2021\/09\/cropped-cropped-cropped-logo-web-1-e1673255627958.jpg","width":1536,"height":329,"caption":"LES COMTESSES CHERIES"},"image":{"@id":"https:\/\/lescomtessescheries.be\/#\/schema\/logo\/image\/"}}]}},"_links":{"self":[{"href":"https:\/\/lescomtessescheries.be\/index.php?rest_route=\/wp\/v2\/pages\/367","targetHints":{"allow":["GET"]}}],"collection":[{"href":"https:\/\/lescomtessescheries.be\/index.php?rest_route=\/wp\/v2\/pages"}],"about":[{"href":"https:\/\/lescomtessescheries.be\/index.php?rest_route=\/wp\/v2\/types\/page"}],"author":[{"embeddable":true,"href":"https:\/\/lescomtessescheries.be\/index.php?rest_route=\/wp\/v2\/users\/4"}],"replies":[{"embeddable":true,"href":"https:\/\/lescomtessescheries.be\/index.php?rest_route=%2Fwp%2Fv2%2Fcomments&post=367"}],"version-history":[{"count":12,"href":"https:\/\/lescomtessescheries.be\/index.php?rest_route=\/wp\/v2\/pages\/367\/revisions"}],"predecessor-version":[{"id":1019,"href":"https:\/\/lescomtessescheries.be\/index.php?rest_route=\/wp\/v2\/pages\/367\/revisions\/1019"}],"up":[{"embeddable":true,"href":"https:\/\/lescomtessescheries.be\/index.php?rest_route=\/wp\/v2\/pages\/16"}],"wp:attachment":[{"href":"https:\/\/lescomtessescheries.be\/index.php?rest_route=%2Fwp%2Fv2%2Fmedia&parent=367"}],"curies":[{"name":"wp","href":"https:\/\/api.w.org\/{rel}","templated":true}]}}