{"id":441,"date":"2021-05-26T08:48:17","date_gmt":"2021-05-26T08:48:17","guid":{"rendered":"https:\/\/lescomtessescheries.be\/?page_id=441"},"modified":"2021-06-16T09:32:36","modified_gmt":"2021-06-16T09:32:36","slug":"soin-visage-avec-appareil-medico-esthetique-geno","status":"publish","type":"page","link":"https:\/\/lescomtessescheries.be\/?page_id=441","title":{"rendered":"SOIN VISAGE AVEC APPAREIL  MEDICO-ESTHETIQUE GENEO +"},"content":{"rendered":"\n<p class=\"has-text-align-center\"><strong><em>Soin Visage Geneo+ <\/em><\/strong><\/p>\n\n\n\n<p class=\"has-text-align-center\">C\u2019est l\u2019appareil facial ultime pour une peau plus jeune, plus fra\u00eeche et naturellement plus belle.<\/p>\n\n\n\n<p class=\"has-text-align-center\">C\u2019est 1 appareil avec 3 technologies prouv\u00e9es: l\u2019enrichissement en oxyg\u00e8ne OxyGeneo, la radiofr\u00e9quence TriPollar et les ultrasons. Les technologies peuvent \u00eatre utilis\u00e9es en combinaison les unes avec les autres, mais aussi individuellement et s\u2019int\u00e9grer dans tout traitement de soin de la peau, quelle que soit la marque de soin de la peau avec laquelle vous travaillez.<\/p>\n\n\n\n<p class=\"has-text-align-center\">Avec ces technologies, nous stimulons les processus naturels de la peau pour renouveler et rajeunir la peau de l\u2019int\u00e9rieur. La peau le fera naturellement. Le vieillissement cutan\u00e9 n\u2019est pas seulement ralenti, mais l\u2019horloge biologique est m\u00eame invers\u00e9e. Cela a \u00e9t\u00e9 cliniquement prouv\u00e9, \u00e9tudi\u00e9 et confirm\u00e9 par les m\u00e9decins!<\/p>\n\n\n\n<p class=\"has-text-align-center\">Avec le GENEO, vous pouvez d\u00e9placer vos traitements des soins de la peau vers l\u2019am\u00e9lioration de la peau avec des r\u00e9sultats imm\u00e9diatement visibles.<\/p>\n\n\n\n<div style=\"height:40px\" aria-hidden=\"true\" class=\"wp-block-spacer\"><\/div>\n\n\n\n<div class=\"wp-block-columns is-layout-flex wp-container-core-columns-is-layout-9d6595d7 wp-block-columns-is-layout-flex\">\n<div class=\"wp-block-column is-layout-flow wp-block-column-is-layout-flow\">\n<figure class=\"wp-block-image size-large\"><img loading=\"lazy\" decoding=\"async\" width=\"359\" height=\"269\" src=\"https:\/\/lescomtessescheries.be\/wp-content\/uploads\/2021\/05\/1.jpg\" alt=\"\" class=\"wp-image-453\" srcset=\"https:\/\/lescomtessescheries.be\/wp-content\/uploads\/2021\/05\/1.jpg 359w, https:\/\/lescomtessescheries.be\/wp-content\/uploads\/2021\/05\/1-300x225.jpg 300w\" sizes=\"auto, (max-width: 359px) 100vw, 359px\" \/><\/figure>\n\n\n\n<h4 class=\"has-text-align-center wp-block-heading\">BALANCE<\/h4>\n\n\n\n<p class=\"has-text-align-center\">PEAU GRASSE ET IMPURE<\/p>\n\n\n\n<p class=\"has-text-align-center\">Nettoie la peau en profondeur<\/p>\n\n\n\n<p class=\"has-text-align-center\">Equilibre la production de s\u00e9bum<\/p>\n\n\n\n<p class=\"has-text-align-center\">Am\u00e9liore la texture cutan\u00e9e<\/p>\n\n\n\n<p class=\"has-text-align-center\">Rend la peau matte<\/p>\n\n\n\n<p class=\"has-text-align-center\">Affine les pores<\/p>\n\n\n\n<p class=\"has-text-align-center\">Ingr\u00e9dients Actifs: Carbon, Camu Camu, acide d\u2019amandes<\/p>\n<\/div>\n\n\n\n<div class=\"wp-block-column is-layout-flow wp-block-column-is-layout-flow\">\n<figure class=\"wp-block-image size-large\"><img loading=\"lazy\" decoding=\"async\" width=\"357\" height=\"268\" src=\"https:\/\/lescomtessescheries.be\/wp-content\/uploads\/2021\/05\/2.jpg\" alt=\"\" class=\"wp-image-454\" srcset=\"https:\/\/lescomtessescheries.be\/wp-content\/uploads\/2021\/05\/2.jpg 357w, https:\/\/lescomtessescheries.be\/wp-content\/uploads\/2021\/05\/2-300x225.jpg 300w\" sizes=\"auto, (max-width: 357px) 100vw, 357px\" \/><\/figure>\n\n\n\n<h4 class=\"has-text-align-center wp-block-heading\">REVIVE<\/h4>\n\n\n\n<p class=\"has-text-align-center\">CONTRE LE VIEILLISSEMENT<\/p>\n\n\n\n<p class=\"has-text-align-center\">Revitalise la peau terne<\/p>\n\n\n\n<p class=\"has-text-align-center\">R\u00e9duit les ridules, les rides, am\u00e9liore la texture de la peau<\/p>\n\n\n\n<p class=\"has-text-align-center\">Rend la peau lisse<\/p>\n\n\n\n<p class=\"has-text-align-center\">Rajeunit et rafra\u00eechit<\/p>\n\n\n\n<p class=\"has-text-align-center\">Ingr\u00e9dients Actifs: Algue Rouge, Acide caf\u00e9ique, Acide f\u00e9rulique, Retinyl palmitate<\/p>\n<\/div>\n\n\n\n<div class=\"wp-block-column is-layout-flow wp-block-column-is-layout-flow\">\n<figure class=\"wp-block-image size-large\"><img loading=\"lazy\" decoding=\"async\" width=\"363\" height=\"272\" src=\"https:\/\/lescomtessescheries.be\/wp-content\/uploads\/2021\/05\/3.jpg\" alt=\"\" class=\"wp-image-455\" srcset=\"https:\/\/lescomtessescheries.be\/wp-content\/uploads\/2021\/05\/3.jpg 363w, https:\/\/lescomtessescheries.be\/wp-content\/uploads\/2021\/05\/3-300x225.jpg 300w\" sizes=\"auto, (max-width: 363px) 100vw, 363px\" \/><\/figure>\n\n\n\n<h4 class=\"has-text-align-center wp-block-heading\">ILLUMINATION<\/h4>\n\n\n\n<p class=\"has-text-align-center\">ILLUMINATION DE LA PEAU<\/p>\n\n\n\n<p class=\"has-text-align-center\">Egalise le teint<\/p>\n\n\n\n<p class=\"has-text-align-center\">Am\u00e9liore et \u00e9quilibre la pigmentation<\/p>\n\n\n\n<p class=\"has-text-align-center\">Am\u00e9liore la texture<\/p>\n\n\n\n<p class=\"has-text-align-center\">Rend la peau satin\u00e9e<\/p>\n\n\n\n<p class=\"has-text-align-center\">Rend la peau satin\u00e9e<\/p>\n\n\n\n<p class=\"has-text-align-center\">\u200bIngr\u00e9dients Actifs: Acide koijnezuur, vitamine c, extrait de cactus de figue, apha arbutin<\/p>\n<\/div>\n<\/div>\n\n\n\n<div style=\"height:40px\" aria-hidden=\"true\" class=\"wp-block-spacer\"><\/div>\n\n\n\n<h2 class=\"has-text-align-center wp-block-heading\"><strong>La technologie du Geneo<\/strong><\/h2>\n\n\n\n<p class=\"has-text-align-center\">Le Geneo dispose de 3 pi\u00e8ces \u00e0 main, chacune ayant son propre effet, ses avantages et sa technologie: chaque technologie peut \u00eatre appliqu\u00e9e s\u00e9par\u00e9ment, mais peut \u00e9galement \u00eatre combin\u00e9e pour travailler en synergie et se renforcer mutuellement.<\/p>\n\n\n\n<div style=\"height:30px\" aria-hidden=\"true\" class=\"wp-block-spacer\"><\/div>\n\n\n\n<div class=\"wp-block-columns is-layout-flex wp-container-core-columns-is-layout-9d6595d7 wp-block-columns-is-layout-flex\">\n<div class=\"wp-block-column is-layout-flow wp-block-column-is-layout-flow\">\n<figure class=\"wp-block-image size-large\"><img loading=\"lazy\" decoding=\"async\" width=\"960\" height=\"640\" src=\"https:\/\/lescomtessescheries.be\/wp-content\/uploads\/2021\/05\/ph3.jpeg\" alt=\"\" class=\"wp-image-798\" srcset=\"https:\/\/lescomtessescheries.be\/wp-content\/uploads\/2021\/05\/ph3.jpeg 960w, https:\/\/lescomtessescheries.be\/wp-content\/uploads\/2021\/05\/ph3-300x200.jpeg 300w, https:\/\/lescomtessescheries.be\/wp-content\/uploads\/2021\/05\/ph3-768x512.jpeg 768w\" sizes=\"auto, (max-width: 960px) 100vw, 960px\" \/><\/figure>\n\n\n\n<h2 class=\"has-text-align-center has-text-color wp-block-heading\" style=\"color:#baa68b\">OxyGeneo<\/h2>\n\n\n\n<p class=\"has-text-align-center\">OxyGeneo c\u2019est un soin oxyg\u00e9nant, innovant pour le renouvellement de la peau. Il traite la peau sur 3 niveaux et simultan\u00e9ment. Tout d\u2019abord, il \u00e9limine les cellules mortes de la couche corn\u00e9e, infuse des principes actifs dans les couches profondes de la peau et favorise la production interne d\u2019oxyg\u00e8ne dans la peau. L\u2019OxyGeneo est inspir\u00e9 des sources d\u2019eau chaudes naturelles qui sont connues pour l\u2019effet stimulant de l\u2019oxyg\u00e9nation de la peau. En imitant le principe, la peau est stimul\u00e9e afin d\u2019augmenter l\u2019apport d\u2019oxyg\u00e8ne dans la zone de traitement. Un traitement agr\u00e9able qui agit simultan\u00e9ment sur 3 niveaux pour des r\u00e9sultats imm\u00e9diatement visibles.<\/p>\n<\/div>\n\n\n\n<div class=\"wp-block-column is-layout-flow wp-block-column-is-layout-flow\">\n<div class=\"wp-block-image\"><figure class=\"aligncenter size-large\"><img loading=\"lazy\" decoding=\"async\" width=\"245\" height=\"240\" src=\"https:\/\/lescomtessescheries.be\/wp-content\/uploads\/2021\/05\/geno1.png\" alt=\"\" class=\"wp-image-446\"\/><\/figure><\/div>\n\n\n\n<h2 class=\"has-text-align-center has-text-color wp-block-heading\" style=\"color:#baa68b\">TriPollar Face<\/h2>\n\n\n\n<p class=\"has-text-align-center\">TriPollar est une technologie non invasive qui utilise l\u2019\u00e9nergie radiofr\u00e9quence pour chauffer le derme, stimulant ainsi les fibres de collag\u00e8ne. Cela donne un effet tenseur imm\u00e9diat de la peau. L\u2019activit\u00e9 des fibroblastes est \u00e9galement accrue, ce qui entra\u00eene une r\u00e9g\u00e9n\u00e9ration du collag\u00e8ne avec des r\u00e9sultats \u00e0 long terme.<\/p>\n<\/div>\n\n\n\n<div class=\"wp-block-column is-layout-flow wp-block-column-is-layout-flow\">\n<div class=\"wp-block-image\"><figure class=\"aligncenter size-large\"><img loading=\"lazy\" decoding=\"async\" width=\"243\" height=\"240\" src=\"https:\/\/lescomtessescheries.be\/wp-content\/uploads\/2021\/05\/geno2.png\" alt=\"\" class=\"wp-image-447\"\/><\/figure><\/div>\n\n\n\n<h2 class=\"has-text-align-center has-text-color wp-block-heading\" style=\"color:#baa68b\">Ultrason<\/h2>\n\n\n\n<p class=\"has-text-align-center\">Le traitement Ultrason r\u00e9duit temporairement la densit\u00e9 des couches de la peau, de cette mani\u00e8re des espaces se forment entre les cellules. Les ingr\u00e9dients actifs peuvent donc p\u00e9n\u00e9trer plus profond\u00e9ment dans la peau. Les principes actifs sont compos\u00e9s de petites mol\u00e9cules qui permettent ainsi un meilleur passage entre les cellules. Il est \u00e9galement indolore et procure un micro massage sur la zone trait\u00e9e, qui stimule le m\u00e9tabolisme des cellules. Les principes actifs sont donc bien absorb\u00e9s.<\/p>\n<\/div>\n<\/div>\n\n\n\n<div class=\"wp-block-buttons is-content-justification-center is-layout-flex wp-block-buttons-is-layout-flex\">\n<div class=\"wp-block-button\"><a class=\"wp-block-button__link has-background\" href=\"https:\/\/lescomtessescheries.be\/?page_id=1013\" style=\"background-color:#baa68b\">d\u00e9couvrir le tarif complet<\/a><\/div>\n<\/div>\n","protected":false},"excerpt":{"rendered":"<p>Soin Visage Geneo+ C\u2019est l\u2019appareil facial ultime pour une peau plus jeune, plus fra\u00eeche et naturellement plus belle. C\u2019est 1<\/p>\n<p><a href=\"https:\/\/lescomtessescheries.be\/?page_id=441\" class=\"more-link\">Continue reading<span class=\"screen-reader-text\">SOIN VISAGE AVEC APPAREIL  MEDICO-ESTHETIQUE GENEO +<\/span><\/a><\/p>\n","protected":false},"author":4,"featured_media":0,"parent":357,"menu_order":0,"comment_status":"closed","ping_status":"closed","template":"","meta":{"_monsterinsights_skip_tracking":false,"_monsterinsights_sitenote_active":false,"_monsterinsights_sitenote_note":"","_monsterinsights_sitenote_category":0,"footnotes":""},"class_list":["post-441","page","type-page","status-publish","hentry"],"yoast_head":"<!-- This site is optimized with the Yoast SEO plugin v21.2 - https:\/\/yoast.com\/wordpress\/plugins\/seo\/ -->\n<title>SOIN VISAGE AVEC APPAREIL MEDICO-ESTHETIQUE GENEO + - LES COMTESSES CHERIES<\/title>\n<meta name=\"robots\" content=\"index, follow, max-snippet:-1, max-image-preview:large, max-video-preview:-1\" \/>\n<link rel=\"canonical\" href=\"https:\/\/lescomtessescheries.be\/?page_id=441\" \/>\n<meta property=\"og:locale\" content=\"fr_FR\" \/>\n<meta property=\"og:type\" content=\"article\" \/>\n<meta property=\"og:title\" content=\"SOIN VISAGE AVEC APPAREIL MEDICO-ESTHETIQUE GENEO + - LES COMTESSES CHERIES\" \/>\n<meta property=\"og:description\" content=\"Soin Visage Geneo+ C\u2019est l\u2019appareil facial ultime pour une peau plus jeune, plus fra\u00eeche et naturellement plus belle. C\u2019est 1Continue readingSOIN VISAGE AVEC APPAREIL MEDICO-ESTHETIQUE GENEO +\" \/>\n<meta property=\"og:url\" content=\"https:\/\/lescomtessescheries.be\/?page_id=441\" \/>\n<meta property=\"og:site_name\" content=\"LES COMTESSES CHERIES\" \/>\n<meta property=\"article:modified_time\" content=\"2021-06-16T09:32:36+00:00\" \/>\n<meta property=\"og:image\" content=\"https:\/\/lescomtessescheries.be\/wp-content\/uploads\/2021\/05\/1.jpg\" \/>\n<meta name=\"twitter:card\" content=\"summary_large_image\" \/>\n<meta name=\"twitter:label1\" content=\"Dur\u00e9e de lecture est.\" \/>\n\t<meta name=\"twitter:data1\" content=\"4 minutes\" \/>\n<script type=\"application\/ld+json\" class=\"yoast-schema-graph\">{\"@context\":\"https:\/\/schema.org\",\"@graph\":[{\"@type\":\"WebPage\",\"@id\":\"https:\/\/lescomtessescheries.be\/?page_id=441\",\"url\":\"https:\/\/lescomtessescheries.be\/?page_id=441\",\"name\":\"SOIN VISAGE AVEC APPAREIL MEDICO-ESTHETIQUE GENEO + - LES COMTESSES CHERIES\",\"isPartOf\":{\"@id\":\"https:\/\/lescomtessescheries.be\/#website\"},\"datePublished\":\"2021-05-26T08:48:17+00:00\",\"dateModified\":\"2021-06-16T09:32:36+00:00\",\"breadcrumb\":{\"@id\":\"https:\/\/lescomtessescheries.be\/?page_id=441#breadcrumb\"},\"inLanguage\":\"fr-BE\",\"potentialAction\":[{\"@type\":\"ReadAction\",\"target\":[\"https:\/\/lescomtessescheries.be\/?page_id=441\"]}]},{\"@type\":\"BreadcrumbList\",\"@id\":\"https:\/\/lescomtessescheries.be\/?page_id=441#breadcrumb\",\"itemListElement\":[{\"@type\":\"ListItem\",\"position\":1,\"name\":\"Accueil\",\"item\":\"https:\/\/lescomtessescheries.be\/\"},{\"@type\":\"ListItem\",\"position\":2,\"name\":\"SOINS &#038; MISES EN BEAUTE\",\"item\":\"https:\/\/lescomtessescheries.be\/?page_id=16\"},{\"@type\":\"ListItem\",\"position\":3,\"name\":\"MISE EN BEAUTE VISAGE\",\"item\":\"https:\/\/lescomtessescheries.be\/?page_id=357\"},{\"@type\":\"ListItem\",\"position\":4,\"name\":\"SOIN VISAGE AVEC APPAREIL MEDICO-ESTHETIQUE GENEO +\"}]},{\"@type\":\"WebSite\",\"@id\":\"https:\/\/lescomtessescheries.be\/#website\",\"url\":\"https:\/\/lescomtessescheries.be\/\",\"name\":\"LES COMTESSES CHERIES\",\"description\":\"Maison de beaut\u00e9 \u00e0 Ayeneux\",\"publisher\":{\"@id\":\"https:\/\/lescomtessescheries.be\/#organization\"},\"potentialAction\":[{\"@type\":\"SearchAction\",\"target\":{\"@type\":\"EntryPoint\",\"urlTemplate\":\"https:\/\/lescomtessescheries.be\/?s={search_term_string}\"},\"query-input\":\"required name=search_term_string\"}],\"inLanguage\":\"fr-BE\"},{\"@type\":\"Organization\",\"@id\":\"https:\/\/lescomtessescheries.be\/#organization\",\"name\":\"LES COMTESSES CHERIES\",\"url\":\"https:\/\/lescomtessescheries.be\/\",\"logo\":{\"@type\":\"ImageObject\",\"inLanguage\":\"fr-BE\",\"@id\":\"https:\/\/lescomtessescheries.be\/#\/schema\/logo\/image\/\",\"url\":\"https:\/\/lescomtessescheries.be\/wp-content\/uploads\/2021\/09\/cropped-cropped-cropped-logo-web-1-e1673255627958.jpg\",\"contentUrl\":\"https:\/\/lescomtessescheries.be\/wp-content\/uploads\/2021\/09\/cropped-cropped-cropped-logo-web-1-e1673255627958.jpg\",\"width\":1536,\"height\":329,\"caption\":\"LES COMTESSES CHERIES\"},\"image\":{\"@id\":\"https:\/\/lescomtessescheries.be\/#\/schema\/logo\/image\/\"}}]}<\/script>\n<!-- \/ Yoast SEO plugin. -->","yoast_head_json":{"title":"SOIN VISAGE AVEC APPAREIL MEDICO-ESTHETIQUE GENEO + - LES COMTESSES CHERIES","robots":{"index":"index","follow":"follow","max-snippet":"max-snippet:-1","max-image-preview":"max-image-preview:large","max-video-preview":"max-video-preview:-1"},"canonical":"https:\/\/lescomtessescheries.be\/?page_id=441","og_locale":"fr_FR","og_type":"article","og_title":"SOIN VISAGE AVEC APPAREIL MEDICO-ESTHETIQUE GENEO + - LES COMTESSES CHERIES","og_description":"Soin Visage Geneo+ C\u2019est l\u2019appareil facial ultime pour une peau plus jeune, plus fra\u00eeche et naturellement plus belle. C\u2019est 1Continue readingSOIN VISAGE AVEC APPAREIL MEDICO-ESTHETIQUE GENEO +","og_url":"https:\/\/lescomtessescheries.be\/?page_id=441","og_site_name":"LES COMTESSES CHERIES","article_modified_time":"2021-06-16T09:32:36+00:00","og_image":[{"url":"https:\/\/lescomtessescheries.be\/wp-content\/uploads\/2021\/05\/1.jpg"}],"twitter_card":"summary_large_image","twitter_misc":{"Dur\u00e9e de lecture est.":"4 minutes"},"schema":{"@context":"https:\/\/schema.org","@graph":[{"@type":"WebPage","@id":"https:\/\/lescomtessescheries.be\/?page_id=441","url":"https:\/\/lescomtessescheries.be\/?page_id=441","name":"SOIN VISAGE AVEC APPAREIL MEDICO-ESTHETIQUE GENEO + - LES COMTESSES CHERIES","isPartOf":{"@id":"https:\/\/lescomtessescheries.be\/#website"},"datePublished":"2021-05-26T08:48:17+00:00","dateModified":"2021-06-16T09:32:36+00:00","breadcrumb":{"@id":"https:\/\/lescomtessescheries.be\/?page_id=441#breadcrumb"},"inLanguage":"fr-BE","potentialAction":[{"@type":"ReadAction","target":["https:\/\/lescomtessescheries.be\/?page_id=441"]}]},{"@type":"BreadcrumbList","@id":"https:\/\/lescomtessescheries.be\/?page_id=441#breadcrumb","itemListElement":[{"@type":"ListItem","position":1,"name":"Accueil","item":"https:\/\/lescomtessescheries.be\/"},{"@type":"ListItem","position":2,"name":"SOINS &#038; MISES EN BEAUTE","item":"https:\/\/lescomtessescheries.be\/?page_id=16"},{"@type":"ListItem","position":3,"name":"MISE EN BEAUTE VISAGE","item":"https:\/\/lescomtessescheries.be\/?page_id=357"},{"@type":"ListItem","position":4,"name":"SOIN VISAGE AVEC APPAREIL MEDICO-ESTHETIQUE GENEO +"}]},{"@type":"WebSite","@id":"https:\/\/lescomtessescheries.be\/#website","url":"https:\/\/lescomtessescheries.be\/","name":"LES COMTESSES CHERIES","description":"Maison de beaut\u00e9 \u00e0 Ayeneux","publisher":{"@id":"https:\/\/lescomtessescheries.be\/#organization"},"potentialAction":[{"@type":"SearchAction","target":{"@type":"EntryPoint","urlTemplate":"https:\/\/lescomtessescheries.be\/?s={search_term_string}"},"query-input":"required name=search_term_string"}],"inLanguage":"fr-BE"},{"@type":"Organization","@id":"https:\/\/lescomtessescheries.be\/#organization","name":"LES COMTESSES CHERIES","url":"https:\/\/lescomtessescheries.be\/","logo":{"@type":"ImageObject","inLanguage":"fr-BE","@id":"https:\/\/lescomtessescheries.be\/#\/schema\/logo\/image\/","url":"https:\/\/lescomtessescheries.be\/wp-content\/uploads\/2021\/09\/cropped-cropped-cropped-logo-web-1-e1673255627958.jpg","contentUrl":"https:\/\/lescomtessescheries.be\/wp-content\/uploads\/2021\/09\/cropped-cropped-cropped-logo-web-1-e1673255627958.jpg","width":1536,"height":329,"caption":"LES COMTESSES CHERIES"},"image":{"@id":"https:\/\/lescomtessescheries.be\/#\/schema\/logo\/image\/"}}]}},"_links":{"self":[{"href":"https:\/\/lescomtessescheries.be\/index.php?rest_route=\/wp\/v2\/pages\/441","targetHints":{"allow":["GET"]}}],"collection":[{"href":"https:\/\/lescomtessescheries.be\/index.php?rest_route=\/wp\/v2\/pages"}],"about":[{"href":"https:\/\/lescomtessescheries.be\/index.php?rest_route=\/wp\/v2\/types\/page"}],"author":[{"embeddable":true,"href":"https:\/\/lescomtessescheries.be\/index.php?rest_route=\/wp\/v2\/users\/4"}],"replies":[{"embeddable":true,"href":"https:\/\/lescomtessescheries.be\/index.php?rest_route=%2Fwp%2Fv2%2Fcomments&post=441"}],"version-history":[{"count":15,"href":"https:\/\/lescomtessescheries.be\/index.php?rest_route=\/wp\/v2\/pages\/441\/revisions"}],"predecessor-version":[{"id":1024,"href":"https:\/\/lescomtessescheries.be\/index.php?rest_route=\/wp\/v2\/pages\/441\/revisions\/1024"}],"up":[{"embeddable":true,"href":"https:\/\/lescomtessescheries.be\/index.php?rest_route=\/wp\/v2\/pages\/357"}],"wp:attachment":[{"href":"https:\/\/lescomtessescheries.be\/index.php?rest_route=%2Fwp%2Fv2%2Fmedia&parent=441"}],"curies":[{"name":"wp","href":"https:\/\/api.w.org\/{rel}","templated":true}]}}