{"id":7,"date":"2021-05-03T12:07:26","date_gmt":"2021-05-03T12:07:26","guid":{"rendered":"https:\/\/lescomtessescheries.be\/?page_id=7"},"modified":"2023-01-09T09:31:34","modified_gmt":"2023-01-09T09:31:34","slug":"linstitut","status":"publish","type":"page","link":"https:\/\/lescomtessescheries.be\/","title":{"rendered":"L&rsquo;INSTITUT"},"content":{"rendered":"\n<p class=\"has-text-align-center has-text-color has-normal-font-size\" style=\"color:#baa68b\"><strong>DANS UN CADRE PRIVATIF, UN ACCUEIL PERSONNALISE, L&rsquo;ECOUTE D&rsquo;UNE PROFESSIONNELLE, DES TECHNIQUES DE POINTE&#8230; DES RESULTATS.<\/strong><\/p>\n\n\n\n<p class=\"has-text-align-center\" style=\"font-size:16px\">L\u2019Institut est situ\u00e9 dans un quartier calme, \u00e0 deux pas des commerces mais en dehors du tumulte de la ville, dans un cadre id\u00e9alement  propice \u00e0 la d\u00e9tente, d\u00e8s votre arriv\u00e9e avec un parking ais\u00e9.  C\u2019est dans ce cadre \u00e9l\u00e9gant et exclusif que je vous re\u00e7ois pour vous prodiguer les soins de la plus haute qualit\u00e9. En cr\u00e9ant Les Comtesses Ch\u00e9ries, j\u2019ai souhait\u00e9 r\u00e9volutionner l\u2019institut classique et apporter \u00e0 toute cliente l\u2019exp\u00e9rience d\u2019un grand salon de beaut\u00e9 o\u00f9 vous vous sentirez comme chez vous.<\/p>\n\n\n\n<p class=\"has-text-align-center has-text-color\" style=\"color:#baa68b;font-size:16px\">Un institut \u00e0 taille humaine o\u00f9 chaque cliente est chouchout\u00e9e et \u00e9cout\u00e9e dans un cadre harmonieux pour une exp\u00e9rience hors du temps.<\/p>\n\n\n\n<blockquote class=\"wp-block-quote is-layout-flow wp-block-quote-is-layout-flow\">\n<p class=\"has-text-align-center has-black-color has-text-color\"><strong>Des soins professionnels et personnalis\u00e9s en cabine privative<\/strong><\/p>\n<\/blockquote>\n\n\n\n<div style=\"height:50px\" aria-hidden=\"true\" class=\"wp-block-spacer\"><\/div>\n\n\n\n<p class=\"has-text-align-center\" style=\"font-size:16px\"><em>J\u2019ai \u00e0 coeur que chaque soin vous fasse vivre des moments de d\u00e9tente, de r\u00e9elle relaxation et de bien-\u00eatre. <\/em><\/p>\n\n\n\n<p class=\"has-text-align-center\" style=\"font-size:16px\"><em>L\u2019ambiance cocooning de la cabine de soin permet le d\u00e9roulement des soins dans le total respect de votre intimit\u00e9.<\/em><\/p>\n\n\n\n<div style=\"height:20px\" aria-hidden=\"true\" class=\"wp-block-spacer\"><\/div>\n\n\n\n<div class=\"wp-block-buttons is-horizontal is-content-justification-center is-layout-flex wp-container-core-buttons-is-layout-499968f5 wp-block-buttons-is-layout-flex\">\n<div class=\"wp-block-button\"><a class=\"wp-block-button__link has-black-color has-text-color has-background wp-element-button\" href=\"https:\/\/lescomtessescheries.be\/?page_id=16\" style=\"background-color:#f6f2f1\">D\u00e9couvrez l&rsquo;ensemble de nos soins<\/a><\/div>\n<\/div>\n\n\n\n<p><\/p>\n","protected":false},"excerpt":{"rendered":"<p>DANS UN CADRE PRIVATIF, UN ACCUEIL PERSONNALISE, L&rsquo;ECOUTE D&rsquo;UNE PROFESSIONNELLE, DES TECHNIQUES DE POINTE&#8230; DES RESULTATS. L\u2019Institut est situ\u00e9 dans<\/p>\n<p><a href=\"https:\/\/lescomtessescheries.be\/\" class=\"more-link\">Continue reading<span class=\"screen-reader-text\">L&rsquo;INSTITUT<\/span><\/a><\/p>\n","protected":false},"author":4,"featured_media":0,"parent":0,"menu_order":0,"comment_status":"closed","ping_status":"closed","template":"","meta":{"_monsterinsights_skip_tracking":false,"_monsterinsights_sitenote_active":false,"_monsterinsights_sitenote_note":"","_monsterinsights_sitenote_category":0,"footnotes":""},"class_list":["post-7","page","type-page","status-publish","hentry"],"yoast_head":"<!-- This site is optimized with the Yoast SEO plugin v21.2 - https:\/\/yoast.com\/wordpress\/plugins\/seo\/ -->\n<title>L&#039;INSTITUT - LES COMTESSES CHERIES<\/title>\n<meta name=\"robots\" content=\"index, follow, max-snippet:-1, max-image-preview:large, max-video-preview:-1\" \/>\n<link rel=\"canonical\" href=\"https:\/\/lescomtessescheries.be\/\" \/>\n<meta property=\"og:locale\" content=\"fr_FR\" \/>\n<meta property=\"og:type\" content=\"article\" \/>\n<meta property=\"og:title\" content=\"L&#039;INSTITUT - LES COMTESSES CHERIES\" \/>\n<meta property=\"og:description\" content=\"DANS UN CADRE PRIVATIF, UN ACCUEIL PERSONNALISE, L&rsquo;ECOUTE D&rsquo;UNE PROFESSIONNELLE, DES TECHNIQUES DE POINTE&#8230; DES RESULTATS. L\u2019Institut est situ\u00e9 dansContinue readingL&rsquo;INSTITUT\" \/>\n<meta property=\"og:url\" content=\"https:\/\/lescomtessescheries.be\/\" \/>\n<meta property=\"og:site_name\" content=\"LES COMTESSES CHERIES\" \/>\n<meta property=\"article:modified_time\" content=\"2023-01-09T09:31:34+00:00\" \/>\n<meta name=\"twitter:card\" content=\"summary_large_image\" \/>\n<meta name=\"twitter:label1\" content=\"Dur\u00e9e de lecture est.\" \/>\n\t<meta name=\"twitter:data1\" content=\"1 minute\" \/>\n<script type=\"application\/ld+json\" class=\"yoast-schema-graph\">{\"@context\":\"https:\/\/schema.org\",\"@graph\":[{\"@type\":\"WebPage\",\"@id\":\"https:\/\/lescomtessescheries.be\/\",\"url\":\"https:\/\/lescomtessescheries.be\/\",\"name\":\"L'INSTITUT - LES COMTESSES CHERIES\",\"isPartOf\":{\"@id\":\"https:\/\/lescomtessescheries.be\/#website\"},\"datePublished\":\"2021-05-03T12:07:26+00:00\",\"dateModified\":\"2023-01-09T09:31:34+00:00\",\"breadcrumb\":{\"@id\":\"https:\/\/lescomtessescheries.be\/#breadcrumb\"},\"inLanguage\":\"fr-BE\",\"potentialAction\":[{\"@type\":\"ReadAction\",\"target\":[\"https:\/\/lescomtessescheries.be\/\"]}]},{\"@type\":\"BreadcrumbList\",\"@id\":\"https:\/\/lescomtessescheries.be\/#breadcrumb\",\"itemListElement\":[{\"@type\":\"ListItem\",\"position\":1,\"name\":\"Accueil\",\"item\":\"https:\/\/lescomtessescheries.be\/\"},{\"@type\":\"ListItem\",\"position\":2,\"name\":\"L&#8217;INSTITUT\"}]},{\"@type\":\"WebSite\",\"@id\":\"https:\/\/lescomtessescheries.be\/#website\",\"url\":\"https:\/\/lescomtessescheries.be\/\",\"name\":\"LES COMTESSES CHERIES\",\"description\":\"Maison de beaut\u00e9 \u00e0 Ayeneux\",\"publisher\":{\"@id\":\"https:\/\/lescomtessescheries.be\/#organization\"},\"potentialAction\":[{\"@type\":\"SearchAction\",\"target\":{\"@type\":\"EntryPoint\",\"urlTemplate\":\"https:\/\/lescomtessescheries.be\/?s={search_term_string}\"},\"query-input\":\"required name=search_term_string\"}],\"inLanguage\":\"fr-BE\"},{\"@type\":\"Organization\",\"@id\":\"https:\/\/lescomtessescheries.be\/#organization\",\"name\":\"LES COMTESSES CHERIES\",\"url\":\"https:\/\/lescomtessescheries.be\/\",\"logo\":{\"@type\":\"ImageObject\",\"inLanguage\":\"fr-BE\",\"@id\":\"https:\/\/lescomtessescheries.be\/#\/schema\/logo\/image\/\",\"url\":\"https:\/\/lescomtessescheries.be\/wp-content\/uploads\/2021\/09\/cropped-cropped-cropped-logo-web-1-e1673255627958.jpg\",\"contentUrl\":\"https:\/\/lescomtessescheries.be\/wp-content\/uploads\/2021\/09\/cropped-cropped-cropped-logo-web-1-e1673255627958.jpg\",\"width\":1536,\"height\":329,\"caption\":\"LES COMTESSES CHERIES\"},\"image\":{\"@id\":\"https:\/\/lescomtessescheries.be\/#\/schema\/logo\/image\/\"}}]}<\/script>\n<!-- \/ Yoast SEO plugin. -->","yoast_head_json":{"title":"L'INSTITUT - LES COMTESSES CHERIES","robots":{"index":"index","follow":"follow","max-snippet":"max-snippet:-1","max-image-preview":"max-image-preview:large","max-video-preview":"max-video-preview:-1"},"canonical":"https:\/\/lescomtessescheries.be\/","og_locale":"fr_FR","og_type":"article","og_title":"L'INSTITUT - LES COMTESSES CHERIES","og_description":"DANS UN CADRE PRIVATIF, UN ACCUEIL PERSONNALISE, L&rsquo;ECOUTE D&rsquo;UNE PROFESSIONNELLE, DES TECHNIQUES DE POINTE&#8230; DES RESULTATS. L\u2019Institut est situ\u00e9 dansContinue readingL&rsquo;INSTITUT","og_url":"https:\/\/lescomtessescheries.be\/","og_site_name":"LES COMTESSES CHERIES","article_modified_time":"2023-01-09T09:31:34+00:00","twitter_card":"summary_large_image","twitter_misc":{"Dur\u00e9e de lecture est.":"1 minute"},"schema":{"@context":"https:\/\/schema.org","@graph":[{"@type":"WebPage","@id":"https:\/\/lescomtessescheries.be\/","url":"https:\/\/lescomtessescheries.be\/","name":"L'INSTITUT - LES COMTESSES CHERIES","isPartOf":{"@id":"https:\/\/lescomtessescheries.be\/#website"},"datePublished":"2021-05-03T12:07:26+00:00","dateModified":"2023-01-09T09:31:34+00:00","breadcrumb":{"@id":"https:\/\/lescomtessescheries.be\/#breadcrumb"},"inLanguage":"fr-BE","potentialAction":[{"@type":"ReadAction","target":["https:\/\/lescomtessescheries.be\/"]}]},{"@type":"BreadcrumbList","@id":"https:\/\/lescomtessescheries.be\/#breadcrumb","itemListElement":[{"@type":"ListItem","position":1,"name":"Accueil","item":"https:\/\/lescomtessescheries.be\/"},{"@type":"ListItem","position":2,"name":"L&#8217;INSTITUT"}]},{"@type":"WebSite","@id":"https:\/\/lescomtessescheries.be\/#website","url":"https:\/\/lescomtessescheries.be\/","name":"LES COMTESSES CHERIES","description":"Maison de beaut\u00e9 \u00e0 Ayeneux","publisher":{"@id":"https:\/\/lescomtessescheries.be\/#organization"},"potentialAction":[{"@type":"SearchAction","target":{"@type":"EntryPoint","urlTemplate":"https:\/\/lescomtessescheries.be\/?s={search_term_string}"},"query-input":"required name=search_term_string"}],"inLanguage":"fr-BE"},{"@type":"Organization","@id":"https:\/\/lescomtessescheries.be\/#organization","name":"LES COMTESSES CHERIES","url":"https:\/\/lescomtessescheries.be\/","logo":{"@type":"ImageObject","inLanguage":"fr-BE","@id":"https:\/\/lescomtessescheries.be\/#\/schema\/logo\/image\/","url":"https:\/\/lescomtessescheries.be\/wp-content\/uploads\/2021\/09\/cropped-cropped-cropped-logo-web-1-e1673255627958.jpg","contentUrl":"https:\/\/lescomtessescheries.be\/wp-content\/uploads\/2021\/09\/cropped-cropped-cropped-logo-web-1-e1673255627958.jpg","width":1536,"height":329,"caption":"LES COMTESSES CHERIES"},"image":{"@id":"https:\/\/lescomtessescheries.be\/#\/schema\/logo\/image\/"}}]}},"_links":{"self":[{"href":"https:\/\/lescomtessescheries.be\/index.php?rest_route=\/wp\/v2\/pages\/7","targetHints":{"allow":["GET"]}}],"collection":[{"href":"https:\/\/lescomtessescheries.be\/index.php?rest_route=\/wp\/v2\/pages"}],"about":[{"href":"https:\/\/lescomtessescheries.be\/index.php?rest_route=\/wp\/v2\/types\/page"}],"author":[{"embeddable":true,"href":"https:\/\/lescomtessescheries.be\/index.php?rest_route=\/wp\/v2\/users\/4"}],"replies":[{"embeddable":true,"href":"https:\/\/lescomtessescheries.be\/index.php?rest_route=%2Fwp%2Fv2%2Fcomments&post=7"}],"version-history":[{"count":86,"href":"https:\/\/lescomtessescheries.be\/index.php?rest_route=\/wp\/v2\/pages\/7\/revisions"}],"predecessor-version":[{"id":1253,"href":"https:\/\/lescomtessescheries.be\/index.php?rest_route=\/wp\/v2\/pages\/7\/revisions\/1253"}],"wp:attachment":[{"href":"https:\/\/lescomtessescheries.be\/index.php?rest_route=%2Fwp%2Fv2%2Fmedia&parent=7"}],"curies":[{"name":"wp","href":"https:\/\/api.w.org\/{rel}","templated":true}]}}